{"id":828,"date":"2017-04-15T17:28:56","date_gmt":"2017-04-15T17:28:56","guid":{"rendered":"https:\/\/innovationsocialeusp.ca\/accueil"},"modified":"2025-01-26T18:25:25","modified_gmt":"2025-01-26T23:25:25","slug":"accueil","status":"publish","type":"page","link":"https:\/\/innovationsocialeusp.ca\/en","title":{"rendered":"Home"},"content":{"rendered":"","protected":false},"excerpt":{"rendered":"","protected":false},"author":1,"featured_media":0,"parent":0,"menu_order":14,"comment_status":"closed","ping_status":"closed","template":"","meta":{"_monsterinsights_skip_tracking":false,"_monsterinsights_sitenote_active":false,"_monsterinsights_sitenote_note":"","_monsterinsights_sitenote_category":0,"footnotes":""},"acf":[],"yoast_head":"<!-- This site is optimized with the Yoast SEO plugin v23.5 - https:\/\/yoast.com\/wordpress\/plugins\/seo\/ -->\n<title>Home &#8212; \u00c9cole d&#039;innovation sociale \u00c9lisabeth Bruy\u00e8re<\/title>\n<meta name=\"description\" content=\"L\u2019\u00c9cole d\u2019innovation sociale \u00c9lisabeth-Bruy\u00e8re est la premi\u00e8re \u00e9cole d\u2019innovation sociale au Canada. Elle offre une vari\u00e9t\u00e9 de programmes universitaires qui conjuguent la pens\u00e9e critique, l\u2019action sociale et la gestion d\u00e9mocratique. L\u2019\u00c9cole a cr\u00e9\u00e9 l\u2019Atelier d\u2019innovation sociale Mauril-B\u00e9langer : un espace de formation, de collaboration, de travail partag\u00e9 et de d\u00e9marrage d\u2019organisations sociales permettant d\u2019avoir un impact positif sur la communaut\u00e9.\" \/>\n<meta name=\"robots\" content=\"index, follow, max-snippet:-1, max-image-preview:large, max-video-preview:-1\" \/>\n<link rel=\"canonical\" href=\"https:\/\/innovationsocialeusp.ca\/en\" \/>\n<meta property=\"og:locale\" content=\"en_US\" \/>\n<meta property=\"og:type\" content=\"article\" \/>\n<meta property=\"og:title\" content=\"Home &#8212; \u00c9cole d&#039;innovation sociale \u00c9lisabeth Bruy\u00e8re\" \/>\n<meta property=\"og:description\" content=\"L\u2019\u00c9cole d\u2019innovation sociale \u00c9lisabeth-Bruy\u00e8re est la premi\u00e8re \u00e9cole d\u2019innovation sociale au Canada. Elle offre une vari\u00e9t\u00e9 de programmes universitaires qui conjuguent la pens\u00e9e critique, l\u2019action sociale et la gestion d\u00e9mocratique. L\u2019\u00c9cole a cr\u00e9\u00e9 l\u2019Atelier d\u2019innovation sociale Mauril-B\u00e9langer : un espace de formation, de collaboration, de travail partag\u00e9 et de d\u00e9marrage d\u2019organisations sociales permettant d\u2019avoir un impact positif sur la communaut\u00e9.\" \/>\n<meta property=\"og:url\" content=\"https:\/\/innovationsocialeusp.ca\/en\" \/>\n<meta property=\"og:site_name\" content=\"\u00c9cole d&#039;innovation sociale \u00c9lisabeth Bruy\u00e8re\" \/>\n<meta property=\"article:publisher\" content=\"https:\/\/www.facebook.com\/innovationsocialeusp\/\" \/>\n<meta property=\"article:modified_time\" content=\"2025-01-26T23:25:25+00:00\" \/>\n<meta property=\"og:image\" content=\"https:\/\/innovationsocialeusp.ca\/wp-content\/uploads\/2017\/06\/tres-petit-og-blanc.jpg\" \/>\n\t<meta property=\"og:image:width\" content=\"1800\" \/>\n\t<meta property=\"og:image:height\" content=\"600\" \/>\n\t<meta property=\"og:image:type\" content=\"image\/jpeg\" \/>\n<meta name=\"twitter:card\" content=\"summary_large_image\" \/>\n<script type=\"application\/ld+json\" class=\"yoast-schema-graph\">{\"@context\":\"https:\/\/schema.org\",\"@graph\":[{\"@type\":\"WebPage\",\"@id\":\"https:\/\/innovationsocialeusp.ca\/en\",\"url\":\"https:\/\/innovationsocialeusp.ca\/en\",\"name\":\"Home &#8212; \u00c9cole d&#039;innovation sociale \u00c9lisabeth Bruy\u00e8re\",\"isPartOf\":{\"@id\":\"https:\/\/innovationsocialeusp.ca\/#website\"},\"datePublished\":\"2017-04-15T17:28:56+00:00\",\"dateModified\":\"2025-01-26T23:25:25+00:00\",\"description\":\"L\u2019\u00c9cole d\u2019innovation sociale \u00c9lisabeth-Bruy\u00e8re est la premi\u00e8re \u00e9cole d\u2019innovation sociale au Canada. Elle offre une vari\u00e9t\u00e9 de programmes universitaires qui conjuguent la pens\u00e9e critique, l\u2019action sociale et la gestion d\u00e9mocratique. L\u2019\u00c9cole a cr\u00e9\u00e9 l\u2019Atelier d\u2019innovation sociale Mauril-B\u00e9langer : un espace de formation, de collaboration, de travail partag\u00e9 et de d\u00e9marrage d\u2019organisations sociales permettant d\u2019avoir un impact positif sur la communaut\u00e9.\",\"breadcrumb\":{\"@id\":\"https:\/\/innovationsocialeusp.ca\/en#breadcrumb\"},\"inLanguage\":\"en-US\",\"potentialAction\":[{\"@type\":\"ReadAction\",\"target\":[\"https:\/\/innovationsocialeusp.ca\/en\"]}]},{\"@type\":\"BreadcrumbList\",\"@id\":\"https:\/\/innovationsocialeusp.ca\/en#breadcrumb\",\"itemListElement\":[{\"@type\":\"ListItem\",\"position\":1,\"name\":\"Home\",\"item\":\"https:\/\/innovationsocialeusp.ca\/en\"},{\"@type\":\"ListItem\",\"position\":2,\"name\":\"Home\"}]},{\"@type\":\"WebSite\",\"@id\":\"https:\/\/innovationsocialeusp.ca\/#website\",\"url\":\"https:\/\/innovationsocialeusp.ca\/\",\"name\":\"\u00c9cole d&#039;innovation sociale \u00c9lisabeth Bruy\u00e8re\",\"description\":\"\",\"publisher\":{\"@id\":\"https:\/\/innovationsocialeusp.ca\/#organization\"},\"potentialAction\":[{\"@type\":\"SearchAction\",\"target\":{\"@type\":\"EntryPoint\",\"urlTemplate\":\"https:\/\/innovationsocialeusp.ca\/?s={search_term_string}\"},\"query-input\":{\"@type\":\"PropertyValueSpecification\",\"valueRequired\":true,\"valueName\":\"search_term_string\"}}],\"inLanguage\":\"en-US\"},{\"@type\":\"Organization\",\"@id\":\"https:\/\/innovationsocialeusp.ca\/#organization\",\"name\":\"\u00c9cole d'innovation sociale \u00c9lisabeth-Bruy\u00e8re\",\"url\":\"https:\/\/innovationsocialeusp.ca\/\",\"logo\":{\"@type\":\"ImageObject\",\"inLanguage\":\"en-US\",\"@id\":\"https:\/\/innovationsocialeusp.ca\/#\/schema\/logo\/image\/\",\"url\":\"https:\/\/innovationsocialeusp.ca\/wp-content\/uploads\/2017\/04\/ecole.jpg\",\"contentUrl\":\"https:\/\/innovationsocialeusp.ca\/wp-content\/uploads\/2017\/04\/ecole.jpg\",\"width\":2560,\"height\":793,\"caption\":\"\u00c9cole d'innovation sociale \u00c9lisabeth-Bruy\u00e8re\"},\"image\":{\"@id\":\"https:\/\/innovationsocialeusp.ca\/#\/schema\/logo\/image\/\"},\"sameAs\":[\"https:\/\/www.facebook.com\/innovationsocialeusp\/\",\"https:\/\/www.instagram.com\/innovationsocialeusp\"]}]}<\/script>\n<!-- \/ Yoast SEO plugin. -->","yoast_head_json":{"title":"Home &#8212; \u00c9cole d&#039;innovation sociale \u00c9lisabeth Bruy\u00e8re","description":"L\u2019\u00c9cole d\u2019innovation sociale \u00c9lisabeth-Bruy\u00e8re est la premi\u00e8re \u00e9cole d\u2019innovation sociale au Canada. Elle offre une vari\u00e9t\u00e9 de programmes universitaires qui conjuguent la pens\u00e9e critique, l\u2019action sociale et la gestion d\u00e9mocratique. L\u2019\u00c9cole a cr\u00e9\u00e9 l\u2019Atelier d\u2019innovation sociale Mauril-B\u00e9langer : un espace de formation, de collaboration, de travail partag\u00e9 et de d\u00e9marrage d\u2019organisations sociales permettant d\u2019avoir un impact positif sur la communaut\u00e9.","robots":{"index":"index","follow":"follow","max-snippet":"max-snippet:-1","max-image-preview":"max-image-preview:large","max-video-preview":"max-video-preview:-1"},"canonical":"https:\/\/innovationsocialeusp.ca\/en","og_locale":"en_US","og_type":"article","og_title":"Home &#8212; \u00c9cole d&#039;innovation sociale \u00c9lisabeth Bruy\u00e8re","og_description":"L\u2019\u00c9cole d\u2019innovation sociale \u00c9lisabeth-Bruy\u00e8re est la premi\u00e8re \u00e9cole d\u2019innovation sociale au Canada. Elle offre une vari\u00e9t\u00e9 de programmes universitaires qui conjuguent la pens\u00e9e critique, l\u2019action sociale et la gestion d\u00e9mocratique. L\u2019\u00c9cole a cr\u00e9\u00e9 l\u2019Atelier d\u2019innovation sociale Mauril-B\u00e9langer : un espace de formation, de collaboration, de travail partag\u00e9 et de d\u00e9marrage d\u2019organisations sociales permettant d\u2019avoir un impact positif sur la communaut\u00e9.","og_url":"https:\/\/innovationsocialeusp.ca\/en","og_site_name":"\u00c9cole d&#039;innovation sociale \u00c9lisabeth Bruy\u00e8re","article_publisher":"https:\/\/www.facebook.com\/innovationsocialeusp\/","article_modified_time":"2025-01-26T23:25:25+00:00","og_image":[{"width":1800,"height":600,"url":"https:\/\/innovationsocialeusp.ca\/wp-content\/uploads\/2017\/06\/tres-petit-og-blanc.jpg","type":"image\/jpeg"}],"twitter_card":"summary_large_image","schema":{"@context":"https:\/\/schema.org","@graph":[{"@type":"WebPage","@id":"https:\/\/innovationsocialeusp.ca\/en","url":"https:\/\/innovationsocialeusp.ca\/en","name":"Home &#8212; \u00c9cole d&#039;innovation sociale \u00c9lisabeth Bruy\u00e8re","isPartOf":{"@id":"https:\/\/innovationsocialeusp.ca\/#website"},"datePublished":"2017-04-15T17:28:56+00:00","dateModified":"2025-01-26T23:25:25+00:00","description":"L\u2019\u00c9cole d\u2019innovation sociale \u00c9lisabeth-Bruy\u00e8re est la premi\u00e8re \u00e9cole d\u2019innovation sociale au Canada. Elle offre une vari\u00e9t\u00e9 de programmes universitaires qui conjuguent la pens\u00e9e critique, l\u2019action sociale et la gestion d\u00e9mocratique. L\u2019\u00c9cole a cr\u00e9\u00e9 l\u2019Atelier d\u2019innovation sociale Mauril-B\u00e9langer : un espace de formation, de collaboration, de travail partag\u00e9 et de d\u00e9marrage d\u2019organisations sociales permettant d\u2019avoir un impact positif sur la communaut\u00e9.","breadcrumb":{"@id":"https:\/\/innovationsocialeusp.ca\/en#breadcrumb"},"inLanguage":"en-US","potentialAction":[{"@type":"ReadAction","target":["https:\/\/innovationsocialeusp.ca\/en"]}]},{"@type":"BreadcrumbList","@id":"https:\/\/innovationsocialeusp.ca\/en#breadcrumb","itemListElement":[{"@type":"ListItem","position":1,"name":"Home","item":"https:\/\/innovationsocialeusp.ca\/en"},{"@type":"ListItem","position":2,"name":"Home"}]},{"@type":"WebSite","@id":"https:\/\/innovationsocialeusp.ca\/#website","url":"https:\/\/innovationsocialeusp.ca\/","name":"\u00c9cole d&#039;innovation sociale \u00c9lisabeth Bruy\u00e8re","description":"","publisher":{"@id":"https:\/\/innovationsocialeusp.ca\/#organization"},"potentialAction":[{"@type":"SearchAction","target":{"@type":"EntryPoint","urlTemplate":"https:\/\/innovationsocialeusp.ca\/?s={search_term_string}"},"query-input":{"@type":"PropertyValueSpecification","valueRequired":true,"valueName":"search_term_string"}}],"inLanguage":"en-US"},{"@type":"Organization","@id":"https:\/\/innovationsocialeusp.ca\/#organization","name":"\u00c9cole d'innovation sociale \u00c9lisabeth-Bruy\u00e8re","url":"https:\/\/innovationsocialeusp.ca\/","logo":{"@type":"ImageObject","inLanguage":"en-US","@id":"https:\/\/innovationsocialeusp.ca\/#\/schema\/logo\/image\/","url":"https:\/\/innovationsocialeusp.ca\/wp-content\/uploads\/2017\/04\/ecole.jpg","contentUrl":"https:\/\/innovationsocialeusp.ca\/wp-content\/uploads\/2017\/04\/ecole.jpg","width":2560,"height":793,"caption":"\u00c9cole d'innovation sociale \u00c9lisabeth-Bruy\u00e8re"},"image":{"@id":"https:\/\/innovationsocialeusp.ca\/#\/schema\/logo\/image\/"},"sameAs":["https:\/\/www.facebook.com\/innovationsocialeusp\/","https:\/\/www.instagram.com\/innovationsocialeusp"]}]}},"_links":{"self":[{"href":"https:\/\/innovationsocialeusp.ca\/en\/wp-json\/wp\/v2\/pages\/828"}],"collection":[{"href":"https:\/\/innovationsocialeusp.ca\/en\/wp-json\/wp\/v2\/pages"}],"about":[{"href":"https:\/\/innovationsocialeusp.ca\/en\/wp-json\/wp\/v2\/types\/page"}],"author":[{"embeddable":true,"href":"https:\/\/innovationsocialeusp.ca\/en\/wp-json\/wp\/v2\/users\/1"}],"replies":[{"embeddable":true,"href":"https:\/\/innovationsocialeusp.ca\/en\/wp-json\/wp\/v2\/comments?post=828"}],"version-history":[{"count":11,"href":"https:\/\/innovationsocialeusp.ca\/en\/wp-json\/wp\/v2\/pages\/828\/revisions"}],"predecessor-version":[{"id":334468,"href":"https:\/\/innovationsocialeusp.ca\/en\/wp-json\/wp\/v2\/pages\/828\/revisions\/334468"}],"wp:attachment":[{"href":"https:\/\/innovationsocialeusp.ca\/en\/wp-json\/wp\/v2\/media?parent=828"}],"curies":[{"name":"wp","href":"https:\/\/api.w.org\/{rel}","templated":true}]}}