{"id":815,"date":"2017-04-15T15:18:34","date_gmt":"2017-04-15T15:18:34","guid":{"rendered":"https:\/\/innovationsocialeusp.ca\/a-propos"},"modified":"2025-01-26T18:28:50","modified_gmt":"2025-01-26T23:28:50","slug":"a-propos","status":"publish","type":"page","link":"https:\/\/innovationsocialeusp.ca\/en\/a-propos","title":{"rendered":"About Us"},"content":{"rendered":"<p>At Saint Paul University, social innovation takes place within two organizations: the \u00c9lisabeth Bruy\u00e8re School of Social Innovation and the Mauril-B\u00e9langer Social Innovation Workshop (the Atelier). Deeply connected, these two organizations are in direct contact with both the Ottawa-Gatineau community and the social innovation sector in Ontario and Quebec.<\/p>\n<h2>The \u00c9lisabeth Bruy\u00e8re School of Social Innovation<\/h2>\n<p>The \u00c9lisabeth Bruy\u00e8re School of Social Innovation is the first social innovation school in Canada. It offers a variety of academic programs that combine critical thinking, social action and democratic management. Designed for both students completing their first university education and for professionals who want to improve their skills, it offers solid theoretical training coupled with a practical focus in teaching.<\/p>\n<p>The School of Social Innovation&#8217;s mission is to provide theoretical and practical training in the field of collective action and social innovation in local communities. More specifically, the School focuses on the dissemination of knowledge related to the emergence of new models of organization, social practices and civic engagement to combat social inequalities and various forms of oppression, as well as fight against poverty. Social innovation includes not only social entrepreneurship and collective enterprises, but all initiatives, movements and experiments responding to immediate needs while promoting democracy, justice and social change.<\/p>\n<p><a class=\"usp-btn red\" href=\"https:\/\/innovationsocialeusp.ca\/en\/ecole\">Read more about the school<\/a><\/p>\n<h2 class=\"text-green\">The Mauril-B\u00e9langer Social Innovation Workshop &#8211; The Atelier<\/h2>\n<p>The Atelier is a not-for-profit, member-based organization. It is an inclusive bilingual space <span class=\"JsGRdQ\">(physical and virtual) for collaboration, training, knowledge-sharing, and support for social innovations. The non-profit organization is the practical branch of an ecosystem located at Saint Paul University in Ottawa alongside the \u00c9lisabeth Bruy\u00e8re School of Social Innovation and the Centre for Research on Inequalities and Social Transformations (CRITS). The Atelier&#8217;s members are stakeholders in the field of social innovation: students, researchers, practitioners, entrepreneurs and local communities. <\/span><\/p>\n<p><span class=\"JsGRdQ\">The Atelier offers training; professional support; opportunities for visibility and; funding to individuals and initiatives pioneering new organizational models, social practices and tools for civic engagement to be used in the fight against social inequalities and various forms of oppression.&nbsp;<\/span><\/p>\n<p><a class=\"usp-btn green\" href=\"https:\/\/theatelier.ca\/\">Read more about the Atelier<\/a><\/p>\n","protected":false},"excerpt":{"rendered":"<p>At Saint Paul University, social innovation takes place within two organizations: the \u00c9lisabeth Bruy\u00e8re School of Social Innovation and the Mauril-B\u00e9langer Social Innovation Workshop (the Atelier). Deeply connected, these two organizations are in direct contact with both the Ottawa-Gatineau community and the social innovation sector in Ontario and Quebec. The \u00c9lisabeth Bruy\u00e8re School of Social&#8230;<\/p>\n","protected":false},"author":1,"featured_media":1417,"parent":0,"menu_order":11,"comment_status":"closed","ping_status":"closed","template":"","meta":{"_monsterinsights_skip_tracking":false,"_monsterinsights_sitenote_active":false,"_monsterinsights_sitenote_note":"","_monsterinsights_sitenote_category":0,"footnotes":""},"acf":[],"yoast_head":"<!-- This site is optimized with the Yoast SEO plugin v23.5 - https:\/\/yoast.com\/wordpress\/plugins\/seo\/ -->\n<title>About Us &#8212; \u00c9cole d&#039;innovation sociale \u00c9lisabeth Bruy\u00e8re<\/title>\n<meta name=\"description\" content=\"At Saint Paul University, social innovation takes place within two organizations: the \u00c9lisabeth Bruy\u00e8re School of Social Innovation and the\" \/>\n<meta name=\"robots\" content=\"index, follow, max-snippet:-1, max-image-preview:large, max-video-preview:-1\" \/>\n<link rel=\"canonical\" href=\"https:\/\/innovationsocialeusp.ca\/en\/a-propos\" \/>\n<meta property=\"og:locale\" content=\"en_US\" \/>\n<meta property=\"og:type\" content=\"article\" \/>\n<meta property=\"og:title\" content=\"About Us &#8212; \u00c9cole d&#039;innovation sociale \u00c9lisabeth Bruy\u00e8re\" \/>\n<meta property=\"og:description\" content=\"At Saint Paul University, social innovation takes place within two organizations: the \u00c9lisabeth Bruy\u00e8re School of Social Innovation and the\" \/>\n<meta property=\"og:url\" content=\"https:\/\/innovationsocialeusp.ca\/en\/a-propos\" \/>\n<meta property=\"og:site_name\" content=\"\u00c9cole d&#039;innovation sociale \u00c9lisabeth Bruy\u00e8re\" \/>\n<meta property=\"article:publisher\" content=\"https:\/\/www.facebook.com\/innovationsocialeusp\/\" \/>\n<meta property=\"article:modified_time\" content=\"2025-01-26T23:28:50+00:00\" \/>\n<meta property=\"og:image\" content=\"https:\/\/innovationsocialeusp.ca\/wp-content\/uploads\/2018\/11\/biblio.jpg\" \/>\n\t<meta property=\"og:image:width\" content=\"2000\" \/>\n\t<meta property=\"og:image:height\" content=\"1333\" \/>\n\t<meta property=\"og:image:type\" content=\"image\/jpeg\" \/>\n<meta name=\"twitter:card\" content=\"summary_large_image\" \/>\n<meta name=\"twitter:label1\" content=\"Est. reading time\" \/>\n\t<meta name=\"twitter:data1\" content=\"2 minutes\" \/>\n<script type=\"application\/ld+json\" class=\"yoast-schema-graph\">{\"@context\":\"https:\/\/schema.org\",\"@graph\":[{\"@type\":\"WebPage\",\"@id\":\"https:\/\/innovationsocialeusp.ca\/en\/a-propos\",\"url\":\"https:\/\/innovationsocialeusp.ca\/en\/a-propos\",\"name\":\"About Us &#8212; \u00c9cole d&#039;innovation sociale \u00c9lisabeth Bruy\u00e8re\",\"isPartOf\":{\"@id\":\"https:\/\/innovationsocialeusp.ca\/#website\"},\"primaryImageOfPage\":{\"@id\":\"https:\/\/innovationsocialeusp.ca\/en\/a-propos#primaryimage\"},\"image\":{\"@id\":\"https:\/\/innovationsocialeusp.ca\/en\/a-propos#primaryimage\"},\"thumbnailUrl\":\"https:\/\/innovationsocialeusp.ca\/wp-content\/uploads\/2018\/11\/biblio.jpg\",\"datePublished\":\"2017-04-15T15:18:34+00:00\",\"dateModified\":\"2025-01-26T23:28:50+00:00\",\"description\":\"At Saint Paul University, social innovation takes place within two organizations: the \u00c9lisabeth Bruy\u00e8re School of Social Innovation and the\",\"breadcrumb\":{\"@id\":\"https:\/\/innovationsocialeusp.ca\/en\/a-propos#breadcrumb\"},\"inLanguage\":\"en-US\",\"potentialAction\":[{\"@type\":\"ReadAction\",\"target\":[\"https:\/\/innovationsocialeusp.ca\/en\/a-propos\"]}]},{\"@type\":\"ImageObject\",\"inLanguage\":\"en-US\",\"@id\":\"https:\/\/innovationsocialeusp.ca\/en\/a-propos#primaryimage\",\"url\":\"https:\/\/innovationsocialeusp.ca\/wp-content\/uploads\/2018\/11\/biblio.jpg\",\"contentUrl\":\"https:\/\/innovationsocialeusp.ca\/wp-content\/uploads\/2018\/11\/biblio.jpg\",\"width\":2000,\"height\":1333},{\"@type\":\"BreadcrumbList\",\"@id\":\"https:\/\/innovationsocialeusp.ca\/en\/a-propos#breadcrumb\",\"itemListElement\":[{\"@type\":\"ListItem\",\"position\":1,\"name\":\"Home\",\"item\":\"https:\/\/innovationsocialeusp.ca\/en\"},{\"@type\":\"ListItem\",\"position\":2,\"name\":\"About Us\"}]},{\"@type\":\"WebSite\",\"@id\":\"https:\/\/innovationsocialeusp.ca\/#website\",\"url\":\"https:\/\/innovationsocialeusp.ca\/\",\"name\":\"\u00c9cole d&#039;innovation sociale \u00c9lisabeth Bruy\u00e8re\",\"description\":\"\",\"publisher\":{\"@id\":\"https:\/\/innovationsocialeusp.ca\/#organization\"},\"potentialAction\":[{\"@type\":\"SearchAction\",\"target\":{\"@type\":\"EntryPoint\",\"urlTemplate\":\"https:\/\/innovationsocialeusp.ca\/?s={search_term_string}\"},\"query-input\":{\"@type\":\"PropertyValueSpecification\",\"valueRequired\":true,\"valueName\":\"search_term_string\"}}],\"inLanguage\":\"en-US\"},{\"@type\":\"Organization\",\"@id\":\"https:\/\/innovationsocialeusp.ca\/#organization\",\"name\":\"\u00c9cole d'innovation sociale \u00c9lisabeth-Bruy\u00e8re\",\"url\":\"https:\/\/innovationsocialeusp.ca\/\",\"logo\":{\"@type\":\"ImageObject\",\"inLanguage\":\"en-US\",\"@id\":\"https:\/\/innovationsocialeusp.ca\/#\/schema\/logo\/image\/\",\"url\":\"https:\/\/innovationsocialeusp.ca\/wp-content\/uploads\/2017\/04\/ecole.jpg\",\"contentUrl\":\"https:\/\/innovationsocialeusp.ca\/wp-content\/uploads\/2017\/04\/ecole.jpg\",\"width\":2560,\"height\":793,\"caption\":\"\u00c9cole d'innovation sociale \u00c9lisabeth-Bruy\u00e8re\"},\"image\":{\"@id\":\"https:\/\/innovationsocialeusp.ca\/#\/schema\/logo\/image\/\"},\"sameAs\":[\"https:\/\/www.facebook.com\/innovationsocialeusp\/\",\"https:\/\/www.instagram.com\/innovationsocialeusp\"]}]}<\/script>\n<!-- \/ Yoast SEO plugin. -->","yoast_head_json":{"title":"About Us &#8212; \u00c9cole d&#039;innovation sociale \u00c9lisabeth Bruy\u00e8re","description":"At Saint Paul University, social innovation takes place within two organizations: the \u00c9lisabeth Bruy\u00e8re School of Social Innovation and the","robots":{"index":"index","follow":"follow","max-snippet":"max-snippet:-1","max-image-preview":"max-image-preview:large","max-video-preview":"max-video-preview:-1"},"canonical":"https:\/\/innovationsocialeusp.ca\/en\/a-propos","og_locale":"en_US","og_type":"article","og_title":"About Us &#8212; \u00c9cole d&#039;innovation sociale \u00c9lisabeth Bruy\u00e8re","og_description":"At Saint Paul University, social innovation takes place within two organizations: the \u00c9lisabeth Bruy\u00e8re School of Social Innovation and the","og_url":"https:\/\/innovationsocialeusp.ca\/en\/a-propos","og_site_name":"\u00c9cole d&#039;innovation sociale \u00c9lisabeth Bruy\u00e8re","article_publisher":"https:\/\/www.facebook.com\/innovationsocialeusp\/","article_modified_time":"2025-01-26T23:28:50+00:00","og_image":[{"width":2000,"height":1333,"url":"https:\/\/innovationsocialeusp.ca\/wp-content\/uploads\/2018\/11\/biblio.jpg","type":"image\/jpeg"}],"twitter_card":"summary_large_image","twitter_misc":{"Est. reading time":"2 minutes"},"schema":{"@context":"https:\/\/schema.org","@graph":[{"@type":"WebPage","@id":"https:\/\/innovationsocialeusp.ca\/en\/a-propos","url":"https:\/\/innovationsocialeusp.ca\/en\/a-propos","name":"About Us &#8212; \u00c9cole d&#039;innovation sociale \u00c9lisabeth Bruy\u00e8re","isPartOf":{"@id":"https:\/\/innovationsocialeusp.ca\/#website"},"primaryImageOfPage":{"@id":"https:\/\/innovationsocialeusp.ca\/en\/a-propos#primaryimage"},"image":{"@id":"https:\/\/innovationsocialeusp.ca\/en\/a-propos#primaryimage"},"thumbnailUrl":"https:\/\/innovationsocialeusp.ca\/wp-content\/uploads\/2018\/11\/biblio.jpg","datePublished":"2017-04-15T15:18:34+00:00","dateModified":"2025-01-26T23:28:50+00:00","description":"At Saint Paul University, social innovation takes place within two organizations: the \u00c9lisabeth Bruy\u00e8re School of Social Innovation and the","breadcrumb":{"@id":"https:\/\/innovationsocialeusp.ca\/en\/a-propos#breadcrumb"},"inLanguage":"en-US","potentialAction":[{"@type":"ReadAction","target":["https:\/\/innovationsocialeusp.ca\/en\/a-propos"]}]},{"@type":"ImageObject","inLanguage":"en-US","@id":"https:\/\/innovationsocialeusp.ca\/en\/a-propos#primaryimage","url":"https:\/\/innovationsocialeusp.ca\/wp-content\/uploads\/2018\/11\/biblio.jpg","contentUrl":"https:\/\/innovationsocialeusp.ca\/wp-content\/uploads\/2018\/11\/biblio.jpg","width":2000,"height":1333},{"@type":"BreadcrumbList","@id":"https:\/\/innovationsocialeusp.ca\/en\/a-propos#breadcrumb","itemListElement":[{"@type":"ListItem","position":1,"name":"Home","item":"https:\/\/innovationsocialeusp.ca\/en"},{"@type":"ListItem","position":2,"name":"About Us"}]},{"@type":"WebSite","@id":"https:\/\/innovationsocialeusp.ca\/#website","url":"https:\/\/innovationsocialeusp.ca\/","name":"\u00c9cole d&#039;innovation sociale \u00c9lisabeth Bruy\u00e8re","description":"","publisher":{"@id":"https:\/\/innovationsocialeusp.ca\/#organization"},"potentialAction":[{"@type":"SearchAction","target":{"@type":"EntryPoint","urlTemplate":"https:\/\/innovationsocialeusp.ca\/?s={search_term_string}"},"query-input":{"@type":"PropertyValueSpecification","valueRequired":true,"valueName":"search_term_string"}}],"inLanguage":"en-US"},{"@type":"Organization","@id":"https:\/\/innovationsocialeusp.ca\/#organization","name":"\u00c9cole d'innovation sociale \u00c9lisabeth-Bruy\u00e8re","url":"https:\/\/innovationsocialeusp.ca\/","logo":{"@type":"ImageObject","inLanguage":"en-US","@id":"https:\/\/innovationsocialeusp.ca\/#\/schema\/logo\/image\/","url":"https:\/\/innovationsocialeusp.ca\/wp-content\/uploads\/2017\/04\/ecole.jpg","contentUrl":"https:\/\/innovationsocialeusp.ca\/wp-content\/uploads\/2017\/04\/ecole.jpg","width":2560,"height":793,"caption":"\u00c9cole d'innovation sociale \u00c9lisabeth-Bruy\u00e8re"},"image":{"@id":"https:\/\/innovationsocialeusp.ca\/#\/schema\/logo\/image\/"},"sameAs":["https:\/\/www.facebook.com\/innovationsocialeusp\/","https:\/\/www.instagram.com\/innovationsocialeusp"]}]}},"_links":{"self":[{"href":"https:\/\/innovationsocialeusp.ca\/en\/wp-json\/wp\/v2\/pages\/815"}],"collection":[{"href":"https:\/\/innovationsocialeusp.ca\/en\/wp-json\/wp\/v2\/pages"}],"about":[{"href":"https:\/\/innovationsocialeusp.ca\/en\/wp-json\/wp\/v2\/types\/page"}],"author":[{"embeddable":true,"href":"https:\/\/innovationsocialeusp.ca\/en\/wp-json\/wp\/v2\/users\/1"}],"replies":[{"embeddable":true,"href":"https:\/\/innovationsocialeusp.ca\/en\/wp-json\/wp\/v2\/comments?post=815"}],"version-history":[{"count":16,"href":"https:\/\/innovationsocialeusp.ca\/en\/wp-json\/wp\/v2\/pages\/815\/revisions"}],"predecessor-version":[{"id":334470,"href":"https:\/\/innovationsocialeusp.ca\/en\/wp-json\/wp\/v2\/pages\/815\/revisions\/334470"}],"wp:featuredmedia":[{"embeddable":true,"href":"https:\/\/innovationsocialeusp.ca\/en\/wp-json\/wp\/v2\/media\/1417"}],"wp:attachment":[{"href":"https:\/\/innovationsocialeusp.ca\/en\/wp-json\/wp\/v2\/media?parent=815"}],"curies":[{"name":"wp","href":"https:\/\/api.w.org\/{rel}","templated":true}]}}