{"id":781,"date":"2017-04-15T15:10:25","date_gmt":"2017-04-15T19:10:25","guid":{"rendered":"https:\/\/innovationsocialeusp.ca\/atelier"},"modified":"2025-01-27T14:00:00","modified_gmt":"2025-01-27T19:00:00","slug":"workshop","status":"publish","type":"page","link":"https:\/\/innovationsocialeusp.ca\/en\/workshop","title":{"rendered":"Atelier"},"content":{"rendered":"<p style=\"text-align: center;\"><span class=\"JsGRdQ\">Opened in April 2018, <span class=\"font-gotham-bold\" style=\"color: #00bd97;\"><span class=\"font-gotham-bold text-green\"><b>The Atelier<\/b><\/span><\/span> is a not-for-profit, member-based organization. We are an<span class=\"font-gotham-bold\" style=\"color: #00bd97;\"><span class=\"font-gotham-bold text-green\"><b>&nbsp;<\/b><\/span><\/span>inclusive bilingual space (physical and virtual) for collaboration, training, knowledge-sharing, and support for social innovations. Our non-profit organization is the practical branch of an ecosystem located at Saint Paul University in Ottawa alongside the \u00c9lisabeth Bruy\u00e8re School of Social Innovation and the Centre for Research on Inequalities and Social Transformations (CRITS). Our members are stakeholders in the field of social innovation: students, researchers, practitioners, entrepreneurs and local communities. <\/span><\/p>\n<p style=\"text-align: center;\"><strong>Visit the Atelier <a href=\"https:\/\/theatelier.ca\/\">website here<\/a><\/strong><\/p>\n","protected":false},"excerpt":{"rendered":"<p><span class=\"JsGRdQ\">Opened in April 2018, <span class=\"font-gotham-bold\" style=\"color: #00bd97;\"><span class=\"font-gotham-bold text-green\"><b>The Atelier<\/b><\/span><\/span> is a not-for-profit, member-based organization. We are an<span class=\"font-gotham-bold\" style=\"color: #00bd97;\"><span class=\"font-gotham-bold text-green\"><b>&nbsp;<\/b><\/span><\/span>inclusive bilingual space (physical and virtual) for collaboration, training, knowledge-sharing, and support for social innovations. Our non-profit organization is the practical branch of an ecosystem located at Saint Paul University in Ottawa alongside the \u00c9lisabeth Bruy\u00e8re School of Social Innovation and the Centre for Research on Inequalities and Social Transformations (CRITS). Our members are stakeholders in the field of social innovation: students, researchers, practitioners, entrepreneurs and local communities.<\/span><\/p>\n<p>&nbsp;<\/p>\n<p><a class=\"usp-btn black short\" href=\"https:\/\/innovationsocialeusp.ca\/en\/workshop\">Read more about The Atelier<\/a><\/p>\n","protected":false},"author":1,"featured_media":3592,"parent":0,"menu_order":30,"comment_status":"closed","ping_status":"closed","template":"template-parent.php","meta":{"_monsterinsights_skip_tracking":false,"_monsterinsights_sitenote_active":false,"_monsterinsights_sitenote_note":"","_monsterinsights_sitenote_category":0,"footnotes":""},"acf":[],"yoast_head":"<!-- This site is optimized with the Yoast SEO plugin v23.5 - https:\/\/yoast.com\/wordpress\/plugins\/seo\/ -->\n<title>Atelier &#8212; \u00c9cole d&#039;innovation sociale \u00c9lisabeth Bruy\u00e8re<\/title>\n<meta name=\"description\" content=\"Opened in April 2018, The Atelier is a not-for-profit, member-based organization. We are an&nbsp;inclusive bilingual space (physical and virtual) for collaboration, training, knowledge-sharing, and support for social innovations. Our non-profit organization is the practical branch of an ecosystem located at Saint Paul University in Ottawa alongside the \u00c9lisabeth Bruy\u00e8re School of Social Innovation and the Centre for Research on Inequalities and Social Transformations (CRITS). Our members are stakeholders in the field of social innovation: students, researchers, practitioners, entrepreneurs and local communities.  &nbsp;  Read more about The Atelier\" \/>\n<meta name=\"robots\" content=\"index, follow, max-snippet:-1, max-image-preview:large, max-video-preview:-1\" \/>\n<link rel=\"canonical\" href=\"https:\/\/innovationsocialeusp.ca\/en\/workshop\" \/>\n<meta property=\"og:locale\" content=\"en_US\" \/>\n<meta property=\"og:type\" content=\"article\" \/>\n<meta property=\"og:title\" content=\"Atelier &#8212; \u00c9cole d&#039;innovation sociale \u00c9lisabeth Bruy\u00e8re\" \/>\n<meta property=\"og:description\" content=\"Opened in April 2018, The Atelier is a not-for-profit, member-based organization. We are an&nbsp;inclusive bilingual space (physical and virtual) for collaboration, training, knowledge-sharing, and support for social innovations. Our non-profit organization is the practical branch of an ecosystem located at Saint Paul University in Ottawa alongside the \u00c9lisabeth Bruy\u00e8re School of Social Innovation and the Centre for Research on Inequalities and Social Transformations (CRITS). Our members are stakeholders in the field of social innovation: students, researchers, practitioners, entrepreneurs and local communities.  &nbsp;  Read more about The Atelier\" \/>\n<meta property=\"og:url\" content=\"https:\/\/innovationsocialeusp.ca\/en\/workshop\" \/>\n<meta property=\"og:site_name\" content=\"\u00c9cole d&#039;innovation sociale \u00c9lisabeth Bruy\u00e8re\" \/>\n<meta property=\"article:publisher\" content=\"https:\/\/www.facebook.com\/innovationsocialeusp\/\" \/>\n<meta property=\"article:modified_time\" content=\"2025-01-27T19:00:00+00:00\" \/>\n<meta property=\"og:image\" content=\"https:\/\/innovationsocialeusp.ca\/wp-content\/uploads\/2018\/11\/E\u0301IS-2-OG-Gen-Atelier-002.jpg\" \/>\n\t<meta property=\"og:image:width\" content=\"1200\" \/>\n\t<meta property=\"og:image:height\" content=\"630\" \/>\n\t<meta property=\"og:image:type\" content=\"image\/jpeg\" \/>\n<meta name=\"twitter:card\" content=\"summary_large_image\" \/>\n<meta name=\"twitter:label1\" content=\"Est. reading time\" \/>\n\t<meta name=\"twitter:data1\" content=\"1 minute\" \/>\n<script type=\"application\/ld+json\" class=\"yoast-schema-graph\">{\"@context\":\"https:\/\/schema.org\",\"@graph\":[{\"@type\":\"WebPage\",\"@id\":\"https:\/\/innovationsocialeusp.ca\/en\/workshop\",\"url\":\"https:\/\/innovationsocialeusp.ca\/en\/workshop\",\"name\":\"Atelier &#8212; \u00c9cole d&#039;innovation sociale \u00c9lisabeth Bruy\u00e8re\",\"isPartOf\":{\"@id\":\"https:\/\/innovationsocialeusp.ca\/#website\"},\"primaryImageOfPage\":{\"@id\":\"https:\/\/innovationsocialeusp.ca\/en\/workshop#primaryimage\"},\"image\":{\"@id\":\"https:\/\/innovationsocialeusp.ca\/en\/workshop#primaryimage\"},\"thumbnailUrl\":\"https:\/\/innovationsocialeusp.ca\/wp-content\/uploads\/2018\/11\/E\u0301IS-2-OG-Gen-Atelier-002.jpg\",\"datePublished\":\"2017-04-15T19:10:25+00:00\",\"dateModified\":\"2025-01-27T19:00:00+00:00\",\"description\":\"Opened in April 2018, The Atelier is a not-for-profit, member-based organization. We are an&nbsp;inclusive bilingual space (physical and virtual) for collaboration, training, knowledge-sharing, and support for social innovations. Our non-profit organization is the practical branch of an ecosystem located at Saint Paul University in Ottawa alongside the \u00c9lisabeth Bruy\u00e8re School of Social Innovation and the Centre for Research on Inequalities and Social Transformations (CRITS). Our members are stakeholders in the field of social innovation: students, researchers, practitioners, entrepreneurs and local communities. &nbsp; Read more about The Atelier\",\"breadcrumb\":{\"@id\":\"https:\/\/innovationsocialeusp.ca\/en\/workshop#breadcrumb\"},\"inLanguage\":\"en-US\",\"potentialAction\":[{\"@type\":\"ReadAction\",\"target\":[\"https:\/\/innovationsocialeusp.ca\/en\/workshop\"]}]},{\"@type\":\"ImageObject\",\"inLanguage\":\"en-US\",\"@id\":\"https:\/\/innovationsocialeusp.ca\/en\/workshop#primaryimage\",\"url\":\"https:\/\/innovationsocialeusp.ca\/wp-content\/uploads\/2018\/11\/E\u0301IS-2-OG-Gen-Atelier-002.jpg\",\"contentUrl\":\"https:\/\/innovationsocialeusp.ca\/wp-content\/uploads\/2018\/11\/E\u0301IS-2-OG-Gen-Atelier-002.jpg\",\"width\":1200,\"height\":630},{\"@type\":\"BreadcrumbList\",\"@id\":\"https:\/\/innovationsocialeusp.ca\/en\/workshop#breadcrumb\",\"itemListElement\":[{\"@type\":\"ListItem\",\"position\":1,\"name\":\"Home\",\"item\":\"https:\/\/innovationsocialeusp.ca\/en\"},{\"@type\":\"ListItem\",\"position\":2,\"name\":\"Atelier\"}]},{\"@type\":\"WebSite\",\"@id\":\"https:\/\/innovationsocialeusp.ca\/#website\",\"url\":\"https:\/\/innovationsocialeusp.ca\/\",\"name\":\"\u00c9cole d&#039;innovation sociale \u00c9lisabeth Bruy\u00e8re\",\"description\":\"\",\"publisher\":{\"@id\":\"https:\/\/innovationsocialeusp.ca\/#organization\"},\"potentialAction\":[{\"@type\":\"SearchAction\",\"target\":{\"@type\":\"EntryPoint\",\"urlTemplate\":\"https:\/\/innovationsocialeusp.ca\/?s={search_term_string}\"},\"query-input\":{\"@type\":\"PropertyValueSpecification\",\"valueRequired\":true,\"valueName\":\"search_term_string\"}}],\"inLanguage\":\"en-US\"},{\"@type\":\"Organization\",\"@id\":\"https:\/\/innovationsocialeusp.ca\/#organization\",\"name\":\"\u00c9cole d'innovation sociale \u00c9lisabeth-Bruy\u00e8re\",\"url\":\"https:\/\/innovationsocialeusp.ca\/\",\"logo\":{\"@type\":\"ImageObject\",\"inLanguage\":\"en-US\",\"@id\":\"https:\/\/innovationsocialeusp.ca\/#\/schema\/logo\/image\/\",\"url\":\"https:\/\/innovationsocialeusp.ca\/wp-content\/uploads\/2017\/04\/ecole.jpg\",\"contentUrl\":\"https:\/\/innovationsocialeusp.ca\/wp-content\/uploads\/2017\/04\/ecole.jpg\",\"width\":2560,\"height\":793,\"caption\":\"\u00c9cole d'innovation sociale \u00c9lisabeth-Bruy\u00e8re\"},\"image\":{\"@id\":\"https:\/\/innovationsocialeusp.ca\/#\/schema\/logo\/image\/\"},\"sameAs\":[\"https:\/\/www.facebook.com\/innovationsocialeusp\/\",\"https:\/\/www.instagram.com\/innovationsocialeusp\"]}]}<\/script>\n<!-- \/ Yoast SEO plugin. -->","yoast_head_json":{"title":"Atelier &#8212; \u00c9cole d&#039;innovation sociale \u00c9lisabeth Bruy\u00e8re","description":"Opened in April 2018, The Atelier is a not-for-profit, member-based organization. We are an&nbsp;inclusive bilingual space (physical and virtual) for collaboration, training, knowledge-sharing, and support for social innovations. Our non-profit organization is the practical branch of an ecosystem located at Saint Paul University in Ottawa alongside the \u00c9lisabeth Bruy\u00e8re School of Social Innovation and the Centre for Research on Inequalities and Social Transformations (CRITS). Our members are stakeholders in the field of social innovation: students, researchers, practitioners, entrepreneurs and local communities.  &nbsp;  Read more about The Atelier","robots":{"index":"index","follow":"follow","max-snippet":"max-snippet:-1","max-image-preview":"max-image-preview:large","max-video-preview":"max-video-preview:-1"},"canonical":"https:\/\/innovationsocialeusp.ca\/en\/workshop","og_locale":"en_US","og_type":"article","og_title":"Atelier &#8212; \u00c9cole d&#039;innovation sociale \u00c9lisabeth Bruy\u00e8re","og_description":"Opened in April 2018, The Atelier is a not-for-profit, member-based organization. We are an&nbsp;inclusive bilingual space (physical and virtual) for collaboration, training, knowledge-sharing, and support for social innovations. Our non-profit organization is the practical branch of an ecosystem located at Saint Paul University in Ottawa alongside the \u00c9lisabeth Bruy\u00e8re School of Social Innovation and the Centre for Research on Inequalities and Social Transformations (CRITS). Our members are stakeholders in the field of social innovation: students, researchers, practitioners, entrepreneurs and local communities.  &nbsp;  Read more about The Atelier","og_url":"https:\/\/innovationsocialeusp.ca\/en\/workshop","og_site_name":"\u00c9cole d&#039;innovation sociale \u00c9lisabeth Bruy\u00e8re","article_publisher":"https:\/\/www.facebook.com\/innovationsocialeusp\/","article_modified_time":"2025-01-27T19:00:00+00:00","og_image":[{"width":1200,"height":630,"url":"https:\/\/innovationsocialeusp.ca\/wp-content\/uploads\/2018\/11\/E\u0301IS-2-OG-Gen-Atelier-002.jpg","type":"image\/jpeg"}],"twitter_card":"summary_large_image","twitter_misc":{"Est. reading time":"1 minute"},"schema":{"@context":"https:\/\/schema.org","@graph":[{"@type":"WebPage","@id":"https:\/\/innovationsocialeusp.ca\/en\/workshop","url":"https:\/\/innovationsocialeusp.ca\/en\/workshop","name":"Atelier &#8212; \u00c9cole d&#039;innovation sociale \u00c9lisabeth Bruy\u00e8re","isPartOf":{"@id":"https:\/\/innovationsocialeusp.ca\/#website"},"primaryImageOfPage":{"@id":"https:\/\/innovationsocialeusp.ca\/en\/workshop#primaryimage"},"image":{"@id":"https:\/\/innovationsocialeusp.ca\/en\/workshop#primaryimage"},"thumbnailUrl":"https:\/\/innovationsocialeusp.ca\/wp-content\/uploads\/2018\/11\/E\u0301IS-2-OG-Gen-Atelier-002.jpg","datePublished":"2017-04-15T19:10:25+00:00","dateModified":"2025-01-27T19:00:00+00:00","description":"Opened in April 2018, The Atelier is a not-for-profit, member-based organization. We are an&nbsp;inclusive bilingual space (physical and virtual) for collaboration, training, knowledge-sharing, and support for social innovations. Our non-profit organization is the practical branch of an ecosystem located at Saint Paul University in Ottawa alongside the \u00c9lisabeth Bruy\u00e8re School of Social Innovation and the Centre for Research on Inequalities and Social Transformations (CRITS). Our members are stakeholders in the field of social innovation: students, researchers, practitioners, entrepreneurs and local communities. &nbsp; Read more about The Atelier","breadcrumb":{"@id":"https:\/\/innovationsocialeusp.ca\/en\/workshop#breadcrumb"},"inLanguage":"en-US","potentialAction":[{"@type":"ReadAction","target":["https:\/\/innovationsocialeusp.ca\/en\/workshop"]}]},{"@type":"ImageObject","inLanguage":"en-US","@id":"https:\/\/innovationsocialeusp.ca\/en\/workshop#primaryimage","url":"https:\/\/innovationsocialeusp.ca\/wp-content\/uploads\/2018\/11\/E\u0301IS-2-OG-Gen-Atelier-002.jpg","contentUrl":"https:\/\/innovationsocialeusp.ca\/wp-content\/uploads\/2018\/11\/E\u0301IS-2-OG-Gen-Atelier-002.jpg","width":1200,"height":630},{"@type":"BreadcrumbList","@id":"https:\/\/innovationsocialeusp.ca\/en\/workshop#breadcrumb","itemListElement":[{"@type":"ListItem","position":1,"name":"Home","item":"https:\/\/innovationsocialeusp.ca\/en"},{"@type":"ListItem","position":2,"name":"Atelier"}]},{"@type":"WebSite","@id":"https:\/\/innovationsocialeusp.ca\/#website","url":"https:\/\/innovationsocialeusp.ca\/","name":"\u00c9cole d&#039;innovation sociale \u00c9lisabeth Bruy\u00e8re","description":"","publisher":{"@id":"https:\/\/innovationsocialeusp.ca\/#organization"},"potentialAction":[{"@type":"SearchAction","target":{"@type":"EntryPoint","urlTemplate":"https:\/\/innovationsocialeusp.ca\/?s={search_term_string}"},"query-input":{"@type":"PropertyValueSpecification","valueRequired":true,"valueName":"search_term_string"}}],"inLanguage":"en-US"},{"@type":"Organization","@id":"https:\/\/innovationsocialeusp.ca\/#organization","name":"\u00c9cole d'innovation sociale \u00c9lisabeth-Bruy\u00e8re","url":"https:\/\/innovationsocialeusp.ca\/","logo":{"@type":"ImageObject","inLanguage":"en-US","@id":"https:\/\/innovationsocialeusp.ca\/#\/schema\/logo\/image\/","url":"https:\/\/innovationsocialeusp.ca\/wp-content\/uploads\/2017\/04\/ecole.jpg","contentUrl":"https:\/\/innovationsocialeusp.ca\/wp-content\/uploads\/2017\/04\/ecole.jpg","width":2560,"height":793,"caption":"\u00c9cole d'innovation sociale \u00c9lisabeth-Bruy\u00e8re"},"image":{"@id":"https:\/\/innovationsocialeusp.ca\/#\/schema\/logo\/image\/"},"sameAs":["https:\/\/www.facebook.com\/innovationsocialeusp\/","https:\/\/www.instagram.com\/innovationsocialeusp"]}]}},"_links":{"self":[{"href":"https:\/\/innovationsocialeusp.ca\/en\/wp-json\/wp\/v2\/pages\/781"}],"collection":[{"href":"https:\/\/innovationsocialeusp.ca\/en\/wp-json\/wp\/v2\/pages"}],"about":[{"href":"https:\/\/innovationsocialeusp.ca\/en\/wp-json\/wp\/v2\/types\/page"}],"author":[{"embeddable":true,"href":"https:\/\/innovationsocialeusp.ca\/en\/wp-json\/wp\/v2\/users\/1"}],"replies":[{"embeddable":true,"href":"https:\/\/innovationsocialeusp.ca\/en\/wp-json\/wp\/v2\/comments?post=781"}],"version-history":[{"count":67,"href":"https:\/\/innovationsocialeusp.ca\/en\/wp-json\/wp\/v2\/pages\/781\/revisions"}],"predecessor-version":[{"id":334472,"href":"https:\/\/innovationsocialeusp.ca\/en\/wp-json\/wp\/v2\/pages\/781\/revisions\/334472"}],"wp:featuredmedia":[{"embeddable":true,"href":"https:\/\/innovationsocialeusp.ca\/en\/wp-json\/wp\/v2\/media\/3592"}],"wp:attachment":[{"href":"https:\/\/innovationsocialeusp.ca\/en\/wp-json\/wp\/v2\/media?parent=781"}],"curies":[{"name":"wp","href":"https:\/\/api.w.org\/{rel}","templated":true}]}}