{"id":774,"date":"2017-04-15T15:15:56","date_gmt":"2017-04-15T15:15:56","guid":{"rendered":"https:\/\/innovationsocialeusp.ca\/ecole\/inscription"},"modified":"2019-01-31T15:00:39","modified_gmt":"2019-01-31T20:00:39","slug":"inscription","status":"publish","type":"page","link":"https:\/\/innovationsocialeusp.ca\/en\/school\/inscription","title":{"rendered":"Enrollment"},"content":{"rendered":"<p>Join our community and&nbsp;<a href=\"https:\/\/ustpaul.ca\/applicationAdmission.php?\" target=\"_blank\" rel=\"noopener noreferrer\">become a student in social innovation<\/a>.<\/p>\n<p>If you have any questions or would like to know more about our activities, student life, or our programs, do not hesitate to contact the professors of the School of Social Innovation directly.<\/p>\n","protected":false},"excerpt":{"rendered":"<p>Join our community and&nbsp;become a student in social innovation. If you have any questions or would like to know more about our activities, student life, or our programs, do not hesitate to contact the professors of the School of Social Innovation directly.<\/p>\n","protected":false},"author":1,"featured_media":1352,"parent":718,"menu_order":26,"comment_status":"closed","ping_status":"closed","template":"","meta":{"_monsterinsights_skip_tracking":false,"_monsterinsights_sitenote_active":false,"_monsterinsights_sitenote_note":"","_monsterinsights_sitenote_category":0,"footnotes":""},"acf":[],"yoast_head":"<!-- This site is optimized with the Yoast SEO plugin v23.5 - https:\/\/yoast.com\/wordpress\/plugins\/seo\/ -->\n<title>Enrollment &#8212; \u00c9cole d&#039;innovation sociale \u00c9lisabeth Bruy\u00e8re<\/title>\n<meta name=\"description\" content=\"Join our community and&nbsp;become a student in social innovation. If you have any questions or would like to know more about our activities, student\" \/>\n<meta name=\"robots\" content=\"index, follow, max-snippet:-1, max-image-preview:large, max-video-preview:-1\" \/>\n<link rel=\"canonical\" href=\"https:\/\/innovationsocialeusp.ca\/en\/school\/inscription\" \/>\n<meta property=\"og:locale\" content=\"en_US\" \/>\n<meta property=\"og:type\" content=\"article\" \/>\n<meta property=\"og:title\" content=\"Enrollment &#8212; \u00c9cole d&#039;innovation sociale \u00c9lisabeth Bruy\u00e8re\" \/>\n<meta property=\"og:description\" content=\"Join our community and&nbsp;become a student in social innovation. If you have any questions or would like to know more about our activities, student\" \/>\n<meta property=\"og:url\" content=\"https:\/\/innovationsocialeusp.ca\/en\/school\/inscription\" \/>\n<meta property=\"og:site_name\" content=\"\u00c9cole d&#039;innovation sociale \u00c9lisabeth Bruy\u00e8re\" \/>\n<meta property=\"article:publisher\" content=\"https:\/\/www.facebook.com\/innovationsocialeusp\/\" \/>\n<meta property=\"article:modified_time\" content=\"2019-01-31T20:00:39+00:00\" \/>\n<meta property=\"og:image\" content=\"https:\/\/innovationsocialeusp.ca\/wp-content\/uploads\/2018\/11\/etudiants4.jpg\" \/>\n\t<meta property=\"og:image:width\" content=\"1920\" \/>\n\t<meta property=\"og:image:height\" content=\"1080\" \/>\n\t<meta property=\"og:image:type\" content=\"image\/jpeg\" \/>\n<meta name=\"twitter:card\" content=\"summary_large_image\" \/>\n<script type=\"application\/ld+json\" class=\"yoast-schema-graph\">{\"@context\":\"https:\/\/schema.org\",\"@graph\":[{\"@type\":\"WebPage\",\"@id\":\"https:\/\/innovationsocialeusp.ca\/en\/school\/inscription\",\"url\":\"https:\/\/innovationsocialeusp.ca\/en\/school\/inscription\",\"name\":\"Enrollment &#8212; \u00c9cole d&#039;innovation sociale \u00c9lisabeth Bruy\u00e8re\",\"isPartOf\":{\"@id\":\"https:\/\/innovationsocialeusp.ca\/#website\"},\"primaryImageOfPage\":{\"@id\":\"https:\/\/innovationsocialeusp.ca\/en\/school\/inscription#primaryimage\"},\"image\":{\"@id\":\"https:\/\/innovationsocialeusp.ca\/en\/school\/inscription#primaryimage\"},\"thumbnailUrl\":\"https:\/\/innovationsocialeusp.ca\/wp-content\/uploads\/2018\/11\/etudiants4.jpg\",\"datePublished\":\"2017-04-15T15:15:56+00:00\",\"dateModified\":\"2019-01-31T20:00:39+00:00\",\"description\":\"Join our community and&nbsp;become a student in social innovation. If you have any questions or would like to know more about our activities, student\",\"breadcrumb\":{\"@id\":\"https:\/\/innovationsocialeusp.ca\/en\/school\/inscription#breadcrumb\"},\"inLanguage\":\"en-US\",\"potentialAction\":[{\"@type\":\"ReadAction\",\"target\":[\"https:\/\/innovationsocialeusp.ca\/en\/school\/inscription\"]}]},{\"@type\":\"ImageObject\",\"inLanguage\":\"en-US\",\"@id\":\"https:\/\/innovationsocialeusp.ca\/en\/school\/inscription#primaryimage\",\"url\":\"https:\/\/innovationsocialeusp.ca\/wp-content\/uploads\/2018\/11\/etudiants4.jpg\",\"contentUrl\":\"https:\/\/innovationsocialeusp.ca\/wp-content\/uploads\/2018\/11\/etudiants4.jpg\",\"width\":1920,\"height\":1080},{\"@type\":\"BreadcrumbList\",\"@id\":\"https:\/\/innovationsocialeusp.ca\/en\/school\/inscription#breadcrumb\",\"itemListElement\":[{\"@type\":\"ListItem\",\"position\":1,\"name\":\"Home\",\"item\":\"https:\/\/innovationsocialeusp.ca\/en\"},{\"@type\":\"ListItem\",\"position\":2,\"name\":\"School\",\"item\":\"https:\/\/innovationsocialeusp.ca\/en\/school\"},{\"@type\":\"ListItem\",\"position\":3,\"name\":\"Enrollment\"}]},{\"@type\":\"WebSite\",\"@id\":\"https:\/\/innovationsocialeusp.ca\/#website\",\"url\":\"https:\/\/innovationsocialeusp.ca\/\",\"name\":\"\u00c9cole d&#039;innovation sociale \u00c9lisabeth Bruy\u00e8re\",\"description\":\"\",\"publisher\":{\"@id\":\"https:\/\/innovationsocialeusp.ca\/#organization\"},\"potentialAction\":[{\"@type\":\"SearchAction\",\"target\":{\"@type\":\"EntryPoint\",\"urlTemplate\":\"https:\/\/innovationsocialeusp.ca\/?s={search_term_string}\"},\"query-input\":{\"@type\":\"PropertyValueSpecification\",\"valueRequired\":true,\"valueName\":\"search_term_string\"}}],\"inLanguage\":\"en-US\"},{\"@type\":\"Organization\",\"@id\":\"https:\/\/innovationsocialeusp.ca\/#organization\",\"name\":\"\u00c9cole d'innovation sociale \u00c9lisabeth-Bruy\u00e8re\",\"url\":\"https:\/\/innovationsocialeusp.ca\/\",\"logo\":{\"@type\":\"ImageObject\",\"inLanguage\":\"en-US\",\"@id\":\"https:\/\/innovationsocialeusp.ca\/#\/schema\/logo\/image\/\",\"url\":\"https:\/\/innovationsocialeusp.ca\/wp-content\/uploads\/2017\/04\/ecole.jpg\",\"contentUrl\":\"https:\/\/innovationsocialeusp.ca\/wp-content\/uploads\/2017\/04\/ecole.jpg\",\"width\":2560,\"height\":793,\"caption\":\"\u00c9cole d'innovation sociale \u00c9lisabeth-Bruy\u00e8re\"},\"image\":{\"@id\":\"https:\/\/innovationsocialeusp.ca\/#\/schema\/logo\/image\/\"},\"sameAs\":[\"https:\/\/www.facebook.com\/innovationsocialeusp\/\",\"https:\/\/www.instagram.com\/innovationsocialeusp\"]}]}<\/script>\n<!-- \/ Yoast SEO plugin. -->","yoast_head_json":{"title":"Enrollment &#8212; \u00c9cole d&#039;innovation sociale \u00c9lisabeth Bruy\u00e8re","description":"Join our community and&nbsp;become a student in social innovation. If you have any questions or would like to know more about our activities, student","robots":{"index":"index","follow":"follow","max-snippet":"max-snippet:-1","max-image-preview":"max-image-preview:large","max-video-preview":"max-video-preview:-1"},"canonical":"https:\/\/innovationsocialeusp.ca\/en\/school\/inscription","og_locale":"en_US","og_type":"article","og_title":"Enrollment &#8212; \u00c9cole d&#039;innovation sociale \u00c9lisabeth Bruy\u00e8re","og_description":"Join our community and&nbsp;become a student in social innovation. If you have any questions or would like to know more about our activities, student","og_url":"https:\/\/innovationsocialeusp.ca\/en\/school\/inscription","og_site_name":"\u00c9cole d&#039;innovation sociale \u00c9lisabeth Bruy\u00e8re","article_publisher":"https:\/\/www.facebook.com\/innovationsocialeusp\/","article_modified_time":"2019-01-31T20:00:39+00:00","og_image":[{"width":1920,"height":1080,"url":"https:\/\/innovationsocialeusp.ca\/wp-content\/uploads\/2018\/11\/etudiants4.jpg","type":"image\/jpeg"}],"twitter_card":"summary_large_image","schema":{"@context":"https:\/\/schema.org","@graph":[{"@type":"WebPage","@id":"https:\/\/innovationsocialeusp.ca\/en\/school\/inscription","url":"https:\/\/innovationsocialeusp.ca\/en\/school\/inscription","name":"Enrollment &#8212; \u00c9cole d&#039;innovation sociale \u00c9lisabeth Bruy\u00e8re","isPartOf":{"@id":"https:\/\/innovationsocialeusp.ca\/#website"},"primaryImageOfPage":{"@id":"https:\/\/innovationsocialeusp.ca\/en\/school\/inscription#primaryimage"},"image":{"@id":"https:\/\/innovationsocialeusp.ca\/en\/school\/inscription#primaryimage"},"thumbnailUrl":"https:\/\/innovationsocialeusp.ca\/wp-content\/uploads\/2018\/11\/etudiants4.jpg","datePublished":"2017-04-15T15:15:56+00:00","dateModified":"2019-01-31T20:00:39+00:00","description":"Join our community and&nbsp;become a student in social innovation. If you have any questions or would like to know more about our activities, student","breadcrumb":{"@id":"https:\/\/innovationsocialeusp.ca\/en\/school\/inscription#breadcrumb"},"inLanguage":"en-US","potentialAction":[{"@type":"ReadAction","target":["https:\/\/innovationsocialeusp.ca\/en\/school\/inscription"]}]},{"@type":"ImageObject","inLanguage":"en-US","@id":"https:\/\/innovationsocialeusp.ca\/en\/school\/inscription#primaryimage","url":"https:\/\/innovationsocialeusp.ca\/wp-content\/uploads\/2018\/11\/etudiants4.jpg","contentUrl":"https:\/\/innovationsocialeusp.ca\/wp-content\/uploads\/2018\/11\/etudiants4.jpg","width":1920,"height":1080},{"@type":"BreadcrumbList","@id":"https:\/\/innovationsocialeusp.ca\/en\/school\/inscription#breadcrumb","itemListElement":[{"@type":"ListItem","position":1,"name":"Home","item":"https:\/\/innovationsocialeusp.ca\/en"},{"@type":"ListItem","position":2,"name":"School","item":"https:\/\/innovationsocialeusp.ca\/en\/school"},{"@type":"ListItem","position":3,"name":"Enrollment"}]},{"@type":"WebSite","@id":"https:\/\/innovationsocialeusp.ca\/#website","url":"https:\/\/innovationsocialeusp.ca\/","name":"\u00c9cole d&#039;innovation sociale \u00c9lisabeth Bruy\u00e8re","description":"","publisher":{"@id":"https:\/\/innovationsocialeusp.ca\/#organization"},"potentialAction":[{"@type":"SearchAction","target":{"@type":"EntryPoint","urlTemplate":"https:\/\/innovationsocialeusp.ca\/?s={search_term_string}"},"query-input":{"@type":"PropertyValueSpecification","valueRequired":true,"valueName":"search_term_string"}}],"inLanguage":"en-US"},{"@type":"Organization","@id":"https:\/\/innovationsocialeusp.ca\/#organization","name":"\u00c9cole d'innovation sociale \u00c9lisabeth-Bruy\u00e8re","url":"https:\/\/innovationsocialeusp.ca\/","logo":{"@type":"ImageObject","inLanguage":"en-US","@id":"https:\/\/innovationsocialeusp.ca\/#\/schema\/logo\/image\/","url":"https:\/\/innovationsocialeusp.ca\/wp-content\/uploads\/2017\/04\/ecole.jpg","contentUrl":"https:\/\/innovationsocialeusp.ca\/wp-content\/uploads\/2017\/04\/ecole.jpg","width":2560,"height":793,"caption":"\u00c9cole d'innovation sociale \u00c9lisabeth-Bruy\u00e8re"},"image":{"@id":"https:\/\/innovationsocialeusp.ca\/#\/schema\/logo\/image\/"},"sameAs":["https:\/\/www.facebook.com\/innovationsocialeusp\/","https:\/\/www.instagram.com\/innovationsocialeusp"]}]}},"_links":{"self":[{"href":"https:\/\/innovationsocialeusp.ca\/en\/wp-json\/wp\/v2\/pages\/774"}],"collection":[{"href":"https:\/\/innovationsocialeusp.ca\/en\/wp-json\/wp\/v2\/pages"}],"about":[{"href":"https:\/\/innovationsocialeusp.ca\/en\/wp-json\/wp\/v2\/types\/page"}],"author":[{"embeddable":true,"href":"https:\/\/innovationsocialeusp.ca\/en\/wp-json\/wp\/v2\/users\/1"}],"replies":[{"embeddable":true,"href":"https:\/\/innovationsocialeusp.ca\/en\/wp-json\/wp\/v2\/comments?post=774"}],"version-history":[{"count":2,"href":"https:\/\/innovationsocialeusp.ca\/en\/wp-json\/wp\/v2\/pages\/774\/revisions"}],"predecessor-version":[{"id":1600,"href":"https:\/\/innovationsocialeusp.ca\/en\/wp-json\/wp\/v2\/pages\/774\/revisions\/1600"}],"up":[{"embeddable":true,"href":"https:\/\/innovationsocialeusp.ca\/en\/wp-json\/wp\/v2\/pages\/718"}],"wp:featuredmedia":[{"embeddable":true,"href":"https:\/\/innovationsocialeusp.ca\/en\/wp-json\/wp\/v2\/media\/1352"}],"wp:attachment":[{"href":"https:\/\/innovationsocialeusp.ca\/en\/wp-json\/wp\/v2\/media?parent=774"}],"curies":[{"name":"wp","href":"https:\/\/api.w.org\/{rel}","templated":true}]}}