{"id":767,"date":"2017-04-15T15:15:37","date_gmt":"2017-04-15T15:15:37","guid":{"rendered":"https:\/\/innovationsocialeusp.ca\/ecole\/bourse-appui-financier"},"modified":"2018-08-23T11:47:02","modified_gmt":"2018-08-23T15:47:02","slug":"bourse-appui-financier","status":"publish","type":"page","link":"https:\/\/innovationsocialeusp.ca\/en\/school\/bourse-appui-financier","title":{"rendered":"Scholarships and Financial Aid"},"content":{"rendered":"<p>Saint Paul University offers several admission scholarships to students at all three levels of study. These entrance bursaries are determined based on the average of students\u2019 past academic performance when applying to our programs. The scholarships vary and can reach $ 16,000 at the Baccalaureate level, $ 9,000 at the master&#8217;s level and $ 18,000 at the doctoral level. For more information, see the description of <a href=\"https:\/\/ustpaul.ca\/en\/financial-aid-and-bursaries-financial-aid_434_152.htm\">Financial Aid and Scholarships at Saint Paul University<\/a>.<\/p>\n<p>The \u00c9lisabeth Bruy\u00e8re School of Social Innovation and the Mauril-B\u00e9langer Social Innovation Workshop also offer scholarships and grants to students from all three levels of studies, enabling students to continue their studies and to build innovative projects. Amounts vary according to need and different scholarships are offered each year. Details about of these awards will be posted on an annual basis on this website.<\/p>\n","protected":false},"excerpt":{"rendered":"<p>Saint Paul University offers several admission scholarships to students at all three levels of study. These entrance bursaries are determined based on the average of students\u2019 past academic performance when applying to our programs. The scholarships vary and can reach $ 16,000 at the Baccalaureate level, $ 9,000 at the master&#8217;s level and $ 18,000&#8230;<\/p>\n","protected":false},"author":1,"featured_media":1350,"parent":718,"menu_order":21,"comment_status":"closed","ping_status":"closed","template":"","meta":{"_monsterinsights_skip_tracking":false,"_monsterinsights_sitenote_active":false,"_monsterinsights_sitenote_note":"","_monsterinsights_sitenote_category":0,"footnotes":""},"acf":[],"yoast_head":"<!-- This site is optimized with the Yoast SEO plugin v23.5 - https:\/\/yoast.com\/wordpress\/plugins\/seo\/ -->\n<title>Scholarships and Financial Aid &#8212; \u00c9cole d&#039;innovation sociale \u00c9lisabeth Bruy\u00e8re<\/title>\n<meta name=\"description\" content=\"Saint Paul University offers several admission scholarships to students at all three levels of study. These entrance bursaries are determined based on the\" \/>\n<meta name=\"robots\" content=\"index, follow, max-snippet:-1, max-image-preview:large, max-video-preview:-1\" \/>\n<link rel=\"canonical\" href=\"https:\/\/innovationsocialeusp.ca\/en\/school\/bourse-appui-financier\" \/>\n<meta property=\"og:locale\" content=\"en_US\" \/>\n<meta property=\"og:type\" content=\"article\" \/>\n<meta property=\"og:title\" content=\"Scholarships and Financial Aid &#8212; \u00c9cole d&#039;innovation sociale \u00c9lisabeth Bruy\u00e8re\" \/>\n<meta property=\"og:description\" content=\"Saint Paul University offers several admission scholarships to students at all three levels of study. These entrance bursaries are determined based on the\" \/>\n<meta property=\"og:url\" content=\"https:\/\/innovationsocialeusp.ca\/en\/school\/bourse-appui-financier\" \/>\n<meta property=\"og:site_name\" content=\"\u00c9cole d&#039;innovation sociale \u00c9lisabeth Bruy\u00e8re\" \/>\n<meta property=\"article:publisher\" content=\"https:\/\/www.facebook.com\/innovationsocialeusp\/\" \/>\n<meta property=\"article:modified_time\" content=\"2018-08-23T15:47:02+00:00\" \/>\n<meta property=\"og:image\" content=\"https:\/\/innovationsocialeusp.ca\/wp-content\/uploads\/2018\/11\/etudiants2.jpg\" \/>\n\t<meta property=\"og:image:width\" content=\"1920\" \/>\n\t<meta property=\"og:image:height\" content=\"1015\" \/>\n\t<meta property=\"og:image:type\" content=\"image\/jpeg\" \/>\n<meta name=\"twitter:card\" content=\"summary_large_image\" \/>\n<meta name=\"twitter:label1\" content=\"Est. reading time\" \/>\n\t<meta name=\"twitter:data1\" content=\"1 minute\" \/>\n<script type=\"application\/ld+json\" class=\"yoast-schema-graph\">{\"@context\":\"https:\/\/schema.org\",\"@graph\":[{\"@type\":\"WebPage\",\"@id\":\"https:\/\/innovationsocialeusp.ca\/en\/school\/bourse-appui-financier\",\"url\":\"https:\/\/innovationsocialeusp.ca\/en\/school\/bourse-appui-financier\",\"name\":\"Scholarships and Financial Aid &#8212; \u00c9cole d&#039;innovation sociale \u00c9lisabeth Bruy\u00e8re\",\"isPartOf\":{\"@id\":\"https:\/\/innovationsocialeusp.ca\/#website\"},\"primaryImageOfPage\":{\"@id\":\"https:\/\/innovationsocialeusp.ca\/en\/school\/bourse-appui-financier#primaryimage\"},\"image\":{\"@id\":\"https:\/\/innovationsocialeusp.ca\/en\/school\/bourse-appui-financier#primaryimage\"},\"thumbnailUrl\":\"https:\/\/innovationsocialeusp.ca\/wp-content\/uploads\/2018\/11\/etudiants2.jpg\",\"datePublished\":\"2017-04-15T15:15:37+00:00\",\"dateModified\":\"2018-08-23T15:47:02+00:00\",\"description\":\"Saint Paul University offers several admission scholarships to students at all three levels of study. These entrance bursaries are determined based on the\",\"breadcrumb\":{\"@id\":\"https:\/\/innovationsocialeusp.ca\/en\/school\/bourse-appui-financier#breadcrumb\"},\"inLanguage\":\"en-US\",\"potentialAction\":[{\"@type\":\"ReadAction\",\"target\":[\"https:\/\/innovationsocialeusp.ca\/en\/school\/bourse-appui-financier\"]}]},{\"@type\":\"ImageObject\",\"inLanguage\":\"en-US\",\"@id\":\"https:\/\/innovationsocialeusp.ca\/en\/school\/bourse-appui-financier#primaryimage\",\"url\":\"https:\/\/innovationsocialeusp.ca\/wp-content\/uploads\/2018\/11\/etudiants2.jpg\",\"contentUrl\":\"https:\/\/innovationsocialeusp.ca\/wp-content\/uploads\/2018\/11\/etudiants2.jpg\",\"width\":1920,\"height\":1015},{\"@type\":\"BreadcrumbList\",\"@id\":\"https:\/\/innovationsocialeusp.ca\/en\/school\/bourse-appui-financier#breadcrumb\",\"itemListElement\":[{\"@type\":\"ListItem\",\"position\":1,\"name\":\"Home\",\"item\":\"https:\/\/innovationsocialeusp.ca\/en\"},{\"@type\":\"ListItem\",\"position\":2,\"name\":\"School\",\"item\":\"https:\/\/innovationsocialeusp.ca\/en\/school\"},{\"@type\":\"ListItem\",\"position\":3,\"name\":\"Scholarships and Financial Aid\"}]},{\"@type\":\"WebSite\",\"@id\":\"https:\/\/innovationsocialeusp.ca\/#website\",\"url\":\"https:\/\/innovationsocialeusp.ca\/\",\"name\":\"\u00c9cole d&#039;innovation sociale \u00c9lisabeth Bruy\u00e8re\",\"description\":\"\",\"publisher\":{\"@id\":\"https:\/\/innovationsocialeusp.ca\/#organization\"},\"potentialAction\":[{\"@type\":\"SearchAction\",\"target\":{\"@type\":\"EntryPoint\",\"urlTemplate\":\"https:\/\/innovationsocialeusp.ca\/?s={search_term_string}\"},\"query-input\":{\"@type\":\"PropertyValueSpecification\",\"valueRequired\":true,\"valueName\":\"search_term_string\"}}],\"inLanguage\":\"en-US\"},{\"@type\":\"Organization\",\"@id\":\"https:\/\/innovationsocialeusp.ca\/#organization\",\"name\":\"\u00c9cole d'innovation sociale \u00c9lisabeth-Bruy\u00e8re\",\"url\":\"https:\/\/innovationsocialeusp.ca\/\",\"logo\":{\"@type\":\"ImageObject\",\"inLanguage\":\"en-US\",\"@id\":\"https:\/\/innovationsocialeusp.ca\/#\/schema\/logo\/image\/\",\"url\":\"https:\/\/innovationsocialeusp.ca\/wp-content\/uploads\/2017\/04\/ecole.jpg\",\"contentUrl\":\"https:\/\/innovationsocialeusp.ca\/wp-content\/uploads\/2017\/04\/ecole.jpg\",\"width\":2560,\"height\":793,\"caption\":\"\u00c9cole d'innovation sociale \u00c9lisabeth-Bruy\u00e8re\"},\"image\":{\"@id\":\"https:\/\/innovationsocialeusp.ca\/#\/schema\/logo\/image\/\"},\"sameAs\":[\"https:\/\/www.facebook.com\/innovationsocialeusp\/\",\"https:\/\/www.instagram.com\/innovationsocialeusp\"]}]}<\/script>\n<!-- \/ Yoast SEO plugin. -->","yoast_head_json":{"title":"Scholarships and Financial Aid &#8212; \u00c9cole d&#039;innovation sociale \u00c9lisabeth Bruy\u00e8re","description":"Saint Paul University offers several admission scholarships to students at all three levels of study. These entrance bursaries are determined based on the","robots":{"index":"index","follow":"follow","max-snippet":"max-snippet:-1","max-image-preview":"max-image-preview:large","max-video-preview":"max-video-preview:-1"},"canonical":"https:\/\/innovationsocialeusp.ca\/en\/school\/bourse-appui-financier","og_locale":"en_US","og_type":"article","og_title":"Scholarships and Financial Aid &#8212; \u00c9cole d&#039;innovation sociale \u00c9lisabeth Bruy\u00e8re","og_description":"Saint Paul University offers several admission scholarships to students at all three levels of study. These entrance bursaries are determined based on the","og_url":"https:\/\/innovationsocialeusp.ca\/en\/school\/bourse-appui-financier","og_site_name":"\u00c9cole d&#039;innovation sociale \u00c9lisabeth Bruy\u00e8re","article_publisher":"https:\/\/www.facebook.com\/innovationsocialeusp\/","article_modified_time":"2018-08-23T15:47:02+00:00","og_image":[{"width":1920,"height":1015,"url":"https:\/\/innovationsocialeusp.ca\/wp-content\/uploads\/2018\/11\/etudiants2.jpg","type":"image\/jpeg"}],"twitter_card":"summary_large_image","twitter_misc":{"Est. reading time":"1 minute"},"schema":{"@context":"https:\/\/schema.org","@graph":[{"@type":"WebPage","@id":"https:\/\/innovationsocialeusp.ca\/en\/school\/bourse-appui-financier","url":"https:\/\/innovationsocialeusp.ca\/en\/school\/bourse-appui-financier","name":"Scholarships and Financial Aid &#8212; \u00c9cole d&#039;innovation sociale \u00c9lisabeth Bruy\u00e8re","isPartOf":{"@id":"https:\/\/innovationsocialeusp.ca\/#website"},"primaryImageOfPage":{"@id":"https:\/\/innovationsocialeusp.ca\/en\/school\/bourse-appui-financier#primaryimage"},"image":{"@id":"https:\/\/innovationsocialeusp.ca\/en\/school\/bourse-appui-financier#primaryimage"},"thumbnailUrl":"https:\/\/innovationsocialeusp.ca\/wp-content\/uploads\/2018\/11\/etudiants2.jpg","datePublished":"2017-04-15T15:15:37+00:00","dateModified":"2018-08-23T15:47:02+00:00","description":"Saint Paul University offers several admission scholarships to students at all three levels of study. These entrance bursaries are determined based on the","breadcrumb":{"@id":"https:\/\/innovationsocialeusp.ca\/en\/school\/bourse-appui-financier#breadcrumb"},"inLanguage":"en-US","potentialAction":[{"@type":"ReadAction","target":["https:\/\/innovationsocialeusp.ca\/en\/school\/bourse-appui-financier"]}]},{"@type":"ImageObject","inLanguage":"en-US","@id":"https:\/\/innovationsocialeusp.ca\/en\/school\/bourse-appui-financier#primaryimage","url":"https:\/\/innovationsocialeusp.ca\/wp-content\/uploads\/2018\/11\/etudiants2.jpg","contentUrl":"https:\/\/innovationsocialeusp.ca\/wp-content\/uploads\/2018\/11\/etudiants2.jpg","width":1920,"height":1015},{"@type":"BreadcrumbList","@id":"https:\/\/innovationsocialeusp.ca\/en\/school\/bourse-appui-financier#breadcrumb","itemListElement":[{"@type":"ListItem","position":1,"name":"Home","item":"https:\/\/innovationsocialeusp.ca\/en"},{"@type":"ListItem","position":2,"name":"School","item":"https:\/\/innovationsocialeusp.ca\/en\/school"},{"@type":"ListItem","position":3,"name":"Scholarships and Financial Aid"}]},{"@type":"WebSite","@id":"https:\/\/innovationsocialeusp.ca\/#website","url":"https:\/\/innovationsocialeusp.ca\/","name":"\u00c9cole d&#039;innovation sociale \u00c9lisabeth Bruy\u00e8re","description":"","publisher":{"@id":"https:\/\/innovationsocialeusp.ca\/#organization"},"potentialAction":[{"@type":"SearchAction","target":{"@type":"EntryPoint","urlTemplate":"https:\/\/innovationsocialeusp.ca\/?s={search_term_string}"},"query-input":{"@type":"PropertyValueSpecification","valueRequired":true,"valueName":"search_term_string"}}],"inLanguage":"en-US"},{"@type":"Organization","@id":"https:\/\/innovationsocialeusp.ca\/#organization","name":"\u00c9cole d'innovation sociale \u00c9lisabeth-Bruy\u00e8re","url":"https:\/\/innovationsocialeusp.ca\/","logo":{"@type":"ImageObject","inLanguage":"en-US","@id":"https:\/\/innovationsocialeusp.ca\/#\/schema\/logo\/image\/","url":"https:\/\/innovationsocialeusp.ca\/wp-content\/uploads\/2017\/04\/ecole.jpg","contentUrl":"https:\/\/innovationsocialeusp.ca\/wp-content\/uploads\/2017\/04\/ecole.jpg","width":2560,"height":793,"caption":"\u00c9cole d'innovation sociale \u00c9lisabeth-Bruy\u00e8re"},"image":{"@id":"https:\/\/innovationsocialeusp.ca\/#\/schema\/logo\/image\/"},"sameAs":["https:\/\/www.facebook.com\/innovationsocialeusp\/","https:\/\/www.instagram.com\/innovationsocialeusp"]}]}},"_links":{"self":[{"href":"https:\/\/innovationsocialeusp.ca\/en\/wp-json\/wp\/v2\/pages\/767"}],"collection":[{"href":"https:\/\/innovationsocialeusp.ca\/en\/wp-json\/wp\/v2\/pages"}],"about":[{"href":"https:\/\/innovationsocialeusp.ca\/en\/wp-json\/wp\/v2\/types\/page"}],"author":[{"embeddable":true,"href":"https:\/\/innovationsocialeusp.ca\/en\/wp-json\/wp\/v2\/users\/1"}],"replies":[{"embeddable":true,"href":"https:\/\/innovationsocialeusp.ca\/en\/wp-json\/wp\/v2\/comments?post=767"}],"version-history":[{"count":2,"href":"https:\/\/innovationsocialeusp.ca\/en\/wp-json\/wp\/v2\/pages\/767\/revisions"}],"predecessor-version":[{"id":825,"href":"https:\/\/innovationsocialeusp.ca\/en\/wp-json\/wp\/v2\/pages\/767\/revisions\/825"}],"up":[{"embeddable":true,"href":"https:\/\/innovationsocialeusp.ca\/en\/wp-json\/wp\/v2\/pages\/718"}],"wp:featuredmedia":[{"embeddable":true,"href":"https:\/\/innovationsocialeusp.ca\/en\/wp-json\/wp\/v2\/media\/1350"}],"wp:attachment":[{"href":"https:\/\/innovationsocialeusp.ca\/en\/wp-json\/wp\/v2\/media?parent=767"}],"curies":[{"name":"wp","href":"https:\/\/api.w.org\/{rel}","templated":true}]}}