{"id":744,"date":"2017-04-15T15:14:58","date_gmt":"2017-04-15T15:14:58","guid":{"rendered":"https:\/\/innovationsocialeusp.ca\/ecole\/campus-intimiste"},"modified":"2019-01-31T06:58:47","modified_gmt":"2019-01-31T11:58:47","slug":"campus-intimiste","status":"publish","type":"page","link":"https:\/\/innovationsocialeusp.ca\/en\/school\/campus-intimiste","title":{"rendered":"An Intimate Campus"},"content":{"rendered":"<figure id=\"attachment_206\" aria-describedby=\"caption-attachment-206\" style=\"width: 1024px\" class=\"wp-caption aligncenter\"><img loading=\"lazy\" decoding=\"async\" class=\"size-large wp-image-206\" src=\"https:\/\/innovationsocialeusp.ca\/wp-content\/uploads\/2017\/04\/pavillon-laframbroise-1024x678.jpg\" alt=\"pavillon laframbroise\" width=\"1024\" height=\"678\" srcset=\"https:\/\/innovationsocialeusp.ca\/wp-content\/uploads\/2017\/04\/pavillon-laframbroise-1024x678.jpg 1024w, https:\/\/innovationsocialeusp.ca\/wp-content\/uploads\/2017\/04\/pavillon-laframbroise-300x199.jpg 300w, https:\/\/innovationsocialeusp.ca\/wp-content\/uploads\/2017\/04\/pavillon-laframbroise-768x509.jpg 768w, https:\/\/innovationsocialeusp.ca\/wp-content\/uploads\/2017\/04\/pavillon-laframbroise.jpg 1270w\" sizes=\"(max-width: 1024px) 100vw, 1024px\" \/><figcaption id=\"caption-attachment-206\" class=\"wp-caption-text\">Pavillon Laframboise<\/figcaption><\/figure>\n<p>Saint Paul University is located steps away from the Rideau Canal on Main Street in Ottawa. One of the oldest universities in Canada, its intimate campus boasts large green spaces, a vegetable garden, and a spacious and inviting interior courtyard. The student population of Saint Paul University is about 1000 students, which allows for a user-friendly atmosphere&nbsp;and easy access to professors and other staff members. The campus is located between the Ottawa River and the Rideau Canal, in Old Ottawa East, close to downtown, the Byward market and Parliament Hill. A shuttle service allows students to travel to and from the University of Ottawa.<\/p>\n<h3>Saint Paul University<br \/>\n223 Main Street<br \/>\nOttawa, ON<br \/>\nK1S 1C4, Canada<\/h3>\n<p><iframe loading=\"lazy\" style=\"border: 0;\" src=\"https:\/\/www.google.com\/maps\/embed?pb=!1m18!1m12!1m3!1d1952.259188326175!2d-75.67802181268705!3d45.40793274550358!2m3!1f0!2f0!3f0!3m2!1i1024!2i768!4f13.1!3m3!1m2!1s0x4cce050f5059252f%3A0x22c3e2d535621f44!2sSaint+Paul+University!5e0!3m2!1sfr!2sca!4v1493666975042\" width=\"100%\" height=\"600px\" frameborder=\"0\" allowfullscreen=\"allowfullscreen\"><\/iframe><\/p>\n<h2>Campus renewal<\/h2>\n<p>Saint Paul University has carried out major renovations on its campus in recent years: the Student Life Center has been redone, the Mauril-B\u00e9langer Social Innovation Workshop has been built and the Jean-L\u00e9on-Allie Library and Archives has also undergone important transformations.<\/p>\n<p><iframe loading=\"lazy\" src=\"https:\/\/player.vimeo.com\/video\/293165714\" width=\"800\" height=\"470\" frameborder=\"0\" webkitallowfullscreen mozallowfullscreen allowfullscreen><\/iframe><\/p>\n<h2>Jean-L\u00e9on-Allie Library and Archives<\/h2>\n<p>The Jean-L\u00e9on-Allie Library and Archives, which was recently renovated, holds a collection of over 500 000 volumes, 1000 current periodicals, and 100 000 microforms. Students also have access to all the printed and electronic resources at the University of Ottawa. Searching the library\u2019s catalogue can be done at the library. See the&nbsp;<a href=\"https:\/\/ustpaul.ca\/upload-files\/Library\/Bibliotheque_planification_des_etages.pdf\" target=\"_blank\" rel=\"noopener noreferrer\">floor plan<\/a>, or you can search from home via the <a href=\"https:\/\/ustpaul.ca\/jean-leon-allie-omi-library.php\" target=\"_blank\" rel=\"noopener noreferrer\">website<\/a>. Also check out the library&#8217;s <a href=\"https:\/\/ustpaul.ca\/jean-leon-allie-omi-library-videos.php\" target=\"_blank\" rel=\"noopener noreferrer\">training videos<\/a> for tips on how to search the online catalogue, plagiarism, Zotero\u2019s free referencing software, and more.<\/p>\n","protected":false},"excerpt":{"rendered":"<p>Saint Paul University is located steps away from the Rideau Canal on Main Street in Ottawa. One of the oldest universities in Canada, its intimate campus boasts large green spaces, a vegetable garden, and a spacious and inviting interior courtyard. The student population of Saint Paul University is about 1000 students, which allows for a&#8230;<\/p>\n","protected":false},"author":1,"featured_media":1434,"parent":718,"menu_order":18,"comment_status":"closed","ping_status":"closed","template":"","meta":{"_monsterinsights_skip_tracking":false,"_monsterinsights_sitenote_active":false,"_monsterinsights_sitenote_note":"","_monsterinsights_sitenote_category":0,"footnotes":""},"acf":[],"yoast_head":"<!-- This site is optimized with the Yoast SEO plugin v23.5 - https:\/\/yoast.com\/wordpress\/plugins\/seo\/ -->\n<title>An Intimate Campus &#8212; \u00c9cole d&#039;innovation sociale \u00c9lisabeth Bruy\u00e8re<\/title>\n<meta name=\"description\" content=\"Saint Paul University is located steps away from the Rideau Canal on Main Street in Ottawa. One of the oldest universities in Canada, its intimate campus\" \/>\n<meta name=\"robots\" content=\"index, follow, max-snippet:-1, max-image-preview:large, max-video-preview:-1\" \/>\n<link rel=\"canonical\" href=\"https:\/\/innovationsocialeusp.ca\/en\/school\/campus-intimiste\" \/>\n<meta property=\"og:locale\" content=\"en_US\" \/>\n<meta property=\"og:type\" content=\"article\" \/>\n<meta property=\"og:title\" content=\"An Intimate Campus &#8212; \u00c9cole d&#039;innovation sociale \u00c9lisabeth Bruy\u00e8re\" \/>\n<meta property=\"og:description\" content=\"Saint Paul University is located steps away from the Rideau Canal on Main Street in Ottawa. One of the oldest universities in Canada, its intimate campus\" \/>\n<meta property=\"og:url\" content=\"https:\/\/innovationsocialeusp.ca\/en\/school\/campus-intimiste\" \/>\n<meta property=\"og:site_name\" content=\"\u00c9cole d&#039;innovation sociale \u00c9lisabeth Bruy\u00e8re\" \/>\n<meta property=\"article:publisher\" content=\"https:\/\/www.facebook.com\/innovationsocialeusp\/\" \/>\n<meta property=\"article:modified_time\" content=\"2019-01-31T11:58:47+00:00\" \/>\n<meta property=\"og:image\" content=\"https:\/\/innovationsocialeusp.ca\/wp-content\/uploads\/2018\/11\/Atelier-5.jpg\" \/>\n\t<meta property=\"og:image:width\" content=\"4896\" \/>\n\t<meta property=\"og:image:height\" content=\"3267\" \/>\n\t<meta property=\"og:image:type\" content=\"image\/jpeg\" \/>\n<meta name=\"twitter:card\" content=\"summary_large_image\" \/>\n<meta name=\"twitter:label1\" content=\"Est. reading time\" \/>\n\t<meta name=\"twitter:data1\" content=\"1 minute\" \/>\n<script type=\"application\/ld+json\" class=\"yoast-schema-graph\">{\"@context\":\"https:\/\/schema.org\",\"@graph\":[{\"@type\":\"WebPage\",\"@id\":\"https:\/\/innovationsocialeusp.ca\/en\/school\/campus-intimiste\",\"url\":\"https:\/\/innovationsocialeusp.ca\/en\/school\/campus-intimiste\",\"name\":\"An Intimate Campus &#8212; \u00c9cole d&#039;innovation sociale \u00c9lisabeth Bruy\u00e8re\",\"isPartOf\":{\"@id\":\"https:\/\/innovationsocialeusp.ca\/#website\"},\"primaryImageOfPage\":{\"@id\":\"https:\/\/innovationsocialeusp.ca\/en\/school\/campus-intimiste#primaryimage\"},\"image\":{\"@id\":\"https:\/\/innovationsocialeusp.ca\/en\/school\/campus-intimiste#primaryimage\"},\"thumbnailUrl\":\"https:\/\/innovationsocialeusp.ca\/wp-content\/uploads\/2018\/11\/Atelier-5.jpg\",\"datePublished\":\"2017-04-15T15:14:58+00:00\",\"dateModified\":\"2019-01-31T11:58:47+00:00\",\"description\":\"Saint Paul University is located steps away from the Rideau Canal on Main Street in Ottawa. One of the oldest universities in Canada, its intimate campus\",\"breadcrumb\":{\"@id\":\"https:\/\/innovationsocialeusp.ca\/en\/school\/campus-intimiste#breadcrumb\"},\"inLanguage\":\"en-US\",\"potentialAction\":[{\"@type\":\"ReadAction\",\"target\":[\"https:\/\/innovationsocialeusp.ca\/en\/school\/campus-intimiste\"]}]},{\"@type\":\"ImageObject\",\"inLanguage\":\"en-US\",\"@id\":\"https:\/\/innovationsocialeusp.ca\/en\/school\/campus-intimiste#primaryimage\",\"url\":\"https:\/\/innovationsocialeusp.ca\/wp-content\/uploads\/2018\/11\/Atelier-5.jpg\",\"contentUrl\":\"https:\/\/innovationsocialeusp.ca\/wp-content\/uploads\/2018\/11\/Atelier-5.jpg\",\"width\":4896,\"height\":3267},{\"@type\":\"BreadcrumbList\",\"@id\":\"https:\/\/innovationsocialeusp.ca\/en\/school\/campus-intimiste#breadcrumb\",\"itemListElement\":[{\"@type\":\"ListItem\",\"position\":1,\"name\":\"Home\",\"item\":\"https:\/\/innovationsocialeusp.ca\/en\"},{\"@type\":\"ListItem\",\"position\":2,\"name\":\"School\",\"item\":\"https:\/\/innovationsocialeusp.ca\/en\/school\"},{\"@type\":\"ListItem\",\"position\":3,\"name\":\"An Intimate Campus\"}]},{\"@type\":\"WebSite\",\"@id\":\"https:\/\/innovationsocialeusp.ca\/#website\",\"url\":\"https:\/\/innovationsocialeusp.ca\/\",\"name\":\"\u00c9cole d&#039;innovation sociale \u00c9lisabeth Bruy\u00e8re\",\"description\":\"\",\"publisher\":{\"@id\":\"https:\/\/innovationsocialeusp.ca\/#organization\"},\"potentialAction\":[{\"@type\":\"SearchAction\",\"target\":{\"@type\":\"EntryPoint\",\"urlTemplate\":\"https:\/\/innovationsocialeusp.ca\/?s={search_term_string}\"},\"query-input\":{\"@type\":\"PropertyValueSpecification\",\"valueRequired\":true,\"valueName\":\"search_term_string\"}}],\"inLanguage\":\"en-US\"},{\"@type\":\"Organization\",\"@id\":\"https:\/\/innovationsocialeusp.ca\/#organization\",\"name\":\"\u00c9cole d'innovation sociale \u00c9lisabeth-Bruy\u00e8re\",\"url\":\"https:\/\/innovationsocialeusp.ca\/\",\"logo\":{\"@type\":\"ImageObject\",\"inLanguage\":\"en-US\",\"@id\":\"https:\/\/innovationsocialeusp.ca\/#\/schema\/logo\/image\/\",\"url\":\"https:\/\/innovationsocialeusp.ca\/wp-content\/uploads\/2017\/04\/ecole.jpg\",\"contentUrl\":\"https:\/\/innovationsocialeusp.ca\/wp-content\/uploads\/2017\/04\/ecole.jpg\",\"width\":2560,\"height\":793,\"caption\":\"\u00c9cole d'innovation sociale \u00c9lisabeth-Bruy\u00e8re\"},\"image\":{\"@id\":\"https:\/\/innovationsocialeusp.ca\/#\/schema\/logo\/image\/\"},\"sameAs\":[\"https:\/\/www.facebook.com\/innovationsocialeusp\/\",\"https:\/\/www.instagram.com\/innovationsocialeusp\"]}]}<\/script>\n<!-- \/ Yoast SEO plugin. -->","yoast_head_json":{"title":"An Intimate Campus &#8212; \u00c9cole d&#039;innovation sociale \u00c9lisabeth Bruy\u00e8re","description":"Saint Paul University is located steps away from the Rideau Canal on Main Street in Ottawa. One of the oldest universities in Canada, its intimate campus","robots":{"index":"index","follow":"follow","max-snippet":"max-snippet:-1","max-image-preview":"max-image-preview:large","max-video-preview":"max-video-preview:-1"},"canonical":"https:\/\/innovationsocialeusp.ca\/en\/school\/campus-intimiste","og_locale":"en_US","og_type":"article","og_title":"An Intimate Campus &#8212; \u00c9cole d&#039;innovation sociale \u00c9lisabeth Bruy\u00e8re","og_description":"Saint Paul University is located steps away from the Rideau Canal on Main Street in Ottawa. One of the oldest universities in Canada, its intimate campus","og_url":"https:\/\/innovationsocialeusp.ca\/en\/school\/campus-intimiste","og_site_name":"\u00c9cole d&#039;innovation sociale \u00c9lisabeth Bruy\u00e8re","article_publisher":"https:\/\/www.facebook.com\/innovationsocialeusp\/","article_modified_time":"2019-01-31T11:58:47+00:00","og_image":[{"width":4896,"height":3267,"url":"https:\/\/innovationsocialeusp.ca\/wp-content\/uploads\/2018\/11\/Atelier-5.jpg","type":"image\/jpeg"}],"twitter_card":"summary_large_image","twitter_misc":{"Est. reading time":"1 minute"},"schema":{"@context":"https:\/\/schema.org","@graph":[{"@type":"WebPage","@id":"https:\/\/innovationsocialeusp.ca\/en\/school\/campus-intimiste","url":"https:\/\/innovationsocialeusp.ca\/en\/school\/campus-intimiste","name":"An Intimate Campus &#8212; \u00c9cole d&#039;innovation sociale \u00c9lisabeth Bruy\u00e8re","isPartOf":{"@id":"https:\/\/innovationsocialeusp.ca\/#website"},"primaryImageOfPage":{"@id":"https:\/\/innovationsocialeusp.ca\/en\/school\/campus-intimiste#primaryimage"},"image":{"@id":"https:\/\/innovationsocialeusp.ca\/en\/school\/campus-intimiste#primaryimage"},"thumbnailUrl":"https:\/\/innovationsocialeusp.ca\/wp-content\/uploads\/2018\/11\/Atelier-5.jpg","datePublished":"2017-04-15T15:14:58+00:00","dateModified":"2019-01-31T11:58:47+00:00","description":"Saint Paul University is located steps away from the Rideau Canal on Main Street in Ottawa. One of the oldest universities in Canada, its intimate campus","breadcrumb":{"@id":"https:\/\/innovationsocialeusp.ca\/en\/school\/campus-intimiste#breadcrumb"},"inLanguage":"en-US","potentialAction":[{"@type":"ReadAction","target":["https:\/\/innovationsocialeusp.ca\/en\/school\/campus-intimiste"]}]},{"@type":"ImageObject","inLanguage":"en-US","@id":"https:\/\/innovationsocialeusp.ca\/en\/school\/campus-intimiste#primaryimage","url":"https:\/\/innovationsocialeusp.ca\/wp-content\/uploads\/2018\/11\/Atelier-5.jpg","contentUrl":"https:\/\/innovationsocialeusp.ca\/wp-content\/uploads\/2018\/11\/Atelier-5.jpg","width":4896,"height":3267},{"@type":"BreadcrumbList","@id":"https:\/\/innovationsocialeusp.ca\/en\/school\/campus-intimiste#breadcrumb","itemListElement":[{"@type":"ListItem","position":1,"name":"Home","item":"https:\/\/innovationsocialeusp.ca\/en"},{"@type":"ListItem","position":2,"name":"School","item":"https:\/\/innovationsocialeusp.ca\/en\/school"},{"@type":"ListItem","position":3,"name":"An Intimate Campus"}]},{"@type":"WebSite","@id":"https:\/\/innovationsocialeusp.ca\/#website","url":"https:\/\/innovationsocialeusp.ca\/","name":"\u00c9cole d&#039;innovation sociale \u00c9lisabeth Bruy\u00e8re","description":"","publisher":{"@id":"https:\/\/innovationsocialeusp.ca\/#organization"},"potentialAction":[{"@type":"SearchAction","target":{"@type":"EntryPoint","urlTemplate":"https:\/\/innovationsocialeusp.ca\/?s={search_term_string}"},"query-input":{"@type":"PropertyValueSpecification","valueRequired":true,"valueName":"search_term_string"}}],"inLanguage":"en-US"},{"@type":"Organization","@id":"https:\/\/innovationsocialeusp.ca\/#organization","name":"\u00c9cole d'innovation sociale \u00c9lisabeth-Bruy\u00e8re","url":"https:\/\/innovationsocialeusp.ca\/","logo":{"@type":"ImageObject","inLanguage":"en-US","@id":"https:\/\/innovationsocialeusp.ca\/#\/schema\/logo\/image\/","url":"https:\/\/innovationsocialeusp.ca\/wp-content\/uploads\/2017\/04\/ecole.jpg","contentUrl":"https:\/\/innovationsocialeusp.ca\/wp-content\/uploads\/2017\/04\/ecole.jpg","width":2560,"height":793,"caption":"\u00c9cole d'innovation sociale \u00c9lisabeth-Bruy\u00e8re"},"image":{"@id":"https:\/\/innovationsocialeusp.ca\/#\/schema\/logo\/image\/"},"sameAs":["https:\/\/www.facebook.com\/innovationsocialeusp\/","https:\/\/www.instagram.com\/innovationsocialeusp"]}]}},"_links":{"self":[{"href":"https:\/\/innovationsocialeusp.ca\/en\/wp-json\/wp\/v2\/pages\/744"}],"collection":[{"href":"https:\/\/innovationsocialeusp.ca\/en\/wp-json\/wp\/v2\/pages"}],"about":[{"href":"https:\/\/innovationsocialeusp.ca\/en\/wp-json\/wp\/v2\/types\/page"}],"author":[{"embeddable":true,"href":"https:\/\/innovationsocialeusp.ca\/en\/wp-json\/wp\/v2\/users\/1"}],"replies":[{"embeddable":true,"href":"https:\/\/innovationsocialeusp.ca\/en\/wp-json\/wp\/v2\/comments?post=744"}],"version-history":[{"count":6,"href":"https:\/\/innovationsocialeusp.ca\/en\/wp-json\/wp\/v2\/pages\/744\/revisions"}],"predecessor-version":[{"id":1597,"href":"https:\/\/innovationsocialeusp.ca\/en\/wp-json\/wp\/v2\/pages\/744\/revisions\/1597"}],"up":[{"embeddable":true,"href":"https:\/\/innovationsocialeusp.ca\/en\/wp-json\/wp\/v2\/pages\/718"}],"wp:featuredmedia":[{"embeddable":true,"href":"https:\/\/innovationsocialeusp.ca\/en\/wp-json\/wp\/v2\/media\/1434"}],"wp:attachment":[{"href":"https:\/\/innovationsocialeusp.ca\/en\/wp-json\/wp\/v2\/media?parent=744"}],"curies":[{"name":"wp","href":"https:\/\/api.w.org\/{rel}","templated":true}]}}