{"id":718,"date":"2017-04-15T15:10:16","date_gmt":"2017-04-15T15:10:16","guid":{"rendered":"https:\/\/innovationsocialeusp.ca\/ecole"},"modified":"2018-11-26T09:48:25","modified_gmt":"2018-11-26T14:48:25","slug":"school","status":"publish","type":"page","link":"https:\/\/innovationsocialeusp.ca\/en\/school","title":{"rendered":"School"},"content":{"rendered":"<p>The \u00c9lisabeth-Bruy\u00e8re School of Social Innovation is the first school of social innovation in Canada. Its approach to social innovation is clear: its objective must be social transformation. Its pedagogical approach is founded on practical engagement, block-style teaching, and integration with the Mauril-B\u00e9langer Social Innovation Workshop.<\/p>\n<p>Nestled in Saint Paul Universities intimate campus, one of Canada\u2019s oldest institutions for higher education, the School of Social Innovation brings together small groups of active and engaged students, with a dynamic group of professors who have experience in both the theory and practice of social innovation.<\/p>\n","protected":false},"excerpt":{"rendered":"<p><span class=\"font-gotham-bold text-red\">The \u00c9lisabeth-Bruy\u00e8re School of Social Innovation<\/span> is the first school of social innovation in Canada. Its approach to social innovation is clear: its objective must be social transformation. Its pedagogical approach is founded on practical engagement, block-style teaching, and integration with the Mauril-B\u00e9langer Social Innovation Workshop.<\/p>\n<p>&nbsp;<\/p>\n<p><a class=\"usp-btn black short\" href=\"https:\/\/innovationsocialeusp.ca\/en\/school\">Read more about the School<\/a><\/p>\n","protected":false},"author":1,"featured_media":1418,"parent":0,"menu_order":12,"comment_status":"closed","ping_status":"closed","template":"template-parent.php","meta":{"_monsterinsights_skip_tracking":false,"_monsterinsights_sitenote_active":false,"_monsterinsights_sitenote_note":"","_monsterinsights_sitenote_category":0,"footnotes":""},"acf":[],"yoast_head":"<!-- This site is optimized with the Yoast SEO plugin v23.5 - https:\/\/yoast.com\/wordpress\/plugins\/seo\/ -->\n<title>School &#8212; \u00c9cole d&#039;innovation sociale \u00c9lisabeth Bruy\u00e8re<\/title>\n<meta name=\"description\" content=\"The \u00c9lisabeth-Bruy\u00e8re School of Social Innovation is the first school of social innovation in Canada. Its approach to social innovation is clear: its objective must be social transformation. Its pedagogical approach is founded on practical engagement, block-style teaching, and integration with the Mauril-B\u00e9langer Social Innovation Workshop.  &nbsp;  Read more about the School\" \/>\n<meta name=\"robots\" content=\"index, follow, max-snippet:-1, max-image-preview:large, max-video-preview:-1\" \/>\n<link rel=\"canonical\" href=\"https:\/\/innovationsocialeusp.ca\/en\/school\" \/>\n<meta property=\"og:locale\" content=\"en_US\" \/>\n<meta property=\"og:type\" content=\"article\" \/>\n<meta property=\"og:title\" content=\"School &#8212; \u00c9cole d&#039;innovation sociale \u00c9lisabeth Bruy\u00e8re\" \/>\n<meta property=\"og:description\" content=\"The \u00c9lisabeth-Bruy\u00e8re School of Social Innovation is the first school of social innovation in Canada. Its approach to social innovation is clear: its objective must be social transformation. Its pedagogical approach is founded on practical engagement, block-style teaching, and integration with the Mauril-B\u00e9langer Social Innovation Workshop.  &nbsp;  Read more about the School\" \/>\n<meta property=\"og:url\" content=\"https:\/\/innovationsocialeusp.ca\/en\/school\" \/>\n<meta property=\"og:site_name\" content=\"\u00c9cole d&#039;innovation sociale \u00c9lisabeth Bruy\u00e8re\" \/>\n<meta property=\"article:publisher\" content=\"https:\/\/www.facebook.com\/innovationsocialeusp\/\" \/>\n<meta property=\"article:modified_time\" content=\"2018-11-26T14:48:25+00:00\" \/>\n<meta property=\"og:image\" content=\"https:\/\/innovationsocialeusp.ca\/wp-content\/uploads\/2018\/11\/EIS_LOGO_SansSlogan_Fonc\u00e9.jpg\" \/>\n\t<meta property=\"og:image:width\" content=\"850\" \/>\n\t<meta property=\"og:image:height\" content=\"850\" \/>\n\t<meta property=\"og:image:type\" content=\"image\/jpeg\" \/>\n<meta name=\"twitter:card\" content=\"summary_large_image\" \/>\n<meta name=\"twitter:label1\" content=\"Est. reading time\" \/>\n\t<meta name=\"twitter:data1\" content=\"1 minute\" \/>\n<script type=\"application\/ld+json\" class=\"yoast-schema-graph\">{\"@context\":\"https:\/\/schema.org\",\"@graph\":[{\"@type\":\"WebPage\",\"@id\":\"https:\/\/innovationsocialeusp.ca\/en\/school\",\"url\":\"https:\/\/innovationsocialeusp.ca\/en\/school\",\"name\":\"School &#8212; \u00c9cole d&#039;innovation sociale \u00c9lisabeth Bruy\u00e8re\",\"isPartOf\":{\"@id\":\"https:\/\/innovationsocialeusp.ca\/#website\"},\"primaryImageOfPage\":{\"@id\":\"https:\/\/innovationsocialeusp.ca\/en\/school#primaryimage\"},\"image\":{\"@id\":\"https:\/\/innovationsocialeusp.ca\/en\/school#primaryimage\"},\"thumbnailUrl\":\"https:\/\/innovationsocialeusp.ca\/wp-content\/uploads\/2018\/11\/EIS_LOGO_SansSlogan_Fonc\u00e9.jpg\",\"datePublished\":\"2017-04-15T15:10:16+00:00\",\"dateModified\":\"2018-11-26T14:48:25+00:00\",\"description\":\"The \u00c9lisabeth-Bruy\u00e8re School of Social Innovation is the first school of social innovation in Canada. Its approach to social innovation is clear: its objective must be social transformation. Its pedagogical approach is founded on practical engagement, block-style teaching, and integration with the Mauril-B\u00e9langer Social Innovation Workshop. &nbsp; Read more about the School\",\"breadcrumb\":{\"@id\":\"https:\/\/innovationsocialeusp.ca\/en\/school#breadcrumb\"},\"inLanguage\":\"en-US\",\"potentialAction\":[{\"@type\":\"ReadAction\",\"target\":[\"https:\/\/innovationsocialeusp.ca\/en\/school\"]}]},{\"@type\":\"ImageObject\",\"inLanguage\":\"en-US\",\"@id\":\"https:\/\/innovationsocialeusp.ca\/en\/school#primaryimage\",\"url\":\"https:\/\/innovationsocialeusp.ca\/wp-content\/uploads\/2018\/11\/EIS_LOGO_SansSlogan_Fonc\u00e9.jpg\",\"contentUrl\":\"https:\/\/innovationsocialeusp.ca\/wp-content\/uploads\/2018\/11\/EIS_LOGO_SansSlogan_Fonc\u00e9.jpg\",\"width\":850,\"height\":850,\"caption\":\"Logo de l'\u00c9cole d'innovation sociale sur fond p\u00e2le\"},{\"@type\":\"BreadcrumbList\",\"@id\":\"https:\/\/innovationsocialeusp.ca\/en\/school#breadcrumb\",\"itemListElement\":[{\"@type\":\"ListItem\",\"position\":1,\"name\":\"Home\",\"item\":\"https:\/\/innovationsocialeusp.ca\/en\"},{\"@type\":\"ListItem\",\"position\":2,\"name\":\"School\"}]},{\"@type\":\"WebSite\",\"@id\":\"https:\/\/innovationsocialeusp.ca\/#website\",\"url\":\"https:\/\/innovationsocialeusp.ca\/\",\"name\":\"\u00c9cole d&#039;innovation sociale \u00c9lisabeth Bruy\u00e8re\",\"description\":\"\",\"publisher\":{\"@id\":\"https:\/\/innovationsocialeusp.ca\/#organization\"},\"potentialAction\":[{\"@type\":\"SearchAction\",\"target\":{\"@type\":\"EntryPoint\",\"urlTemplate\":\"https:\/\/innovationsocialeusp.ca\/?s={search_term_string}\"},\"query-input\":{\"@type\":\"PropertyValueSpecification\",\"valueRequired\":true,\"valueName\":\"search_term_string\"}}],\"inLanguage\":\"en-US\"},{\"@type\":\"Organization\",\"@id\":\"https:\/\/innovationsocialeusp.ca\/#organization\",\"name\":\"\u00c9cole d'innovation sociale \u00c9lisabeth-Bruy\u00e8re\",\"url\":\"https:\/\/innovationsocialeusp.ca\/\",\"logo\":{\"@type\":\"ImageObject\",\"inLanguage\":\"en-US\",\"@id\":\"https:\/\/innovationsocialeusp.ca\/#\/schema\/logo\/image\/\",\"url\":\"https:\/\/innovationsocialeusp.ca\/wp-content\/uploads\/2017\/04\/ecole.jpg\",\"contentUrl\":\"https:\/\/innovationsocialeusp.ca\/wp-content\/uploads\/2017\/04\/ecole.jpg\",\"width\":2560,\"height\":793,\"caption\":\"\u00c9cole d'innovation sociale \u00c9lisabeth-Bruy\u00e8re\"},\"image\":{\"@id\":\"https:\/\/innovationsocialeusp.ca\/#\/schema\/logo\/image\/\"},\"sameAs\":[\"https:\/\/www.facebook.com\/innovationsocialeusp\/\",\"https:\/\/www.instagram.com\/innovationsocialeusp\"]}]}<\/script>\n<!-- \/ Yoast SEO plugin. -->","yoast_head_json":{"title":"School &#8212; \u00c9cole d&#039;innovation sociale \u00c9lisabeth Bruy\u00e8re","description":"The \u00c9lisabeth-Bruy\u00e8re School of Social Innovation is the first school of social innovation in Canada. Its approach to social innovation is clear: its objective must be social transformation. Its pedagogical approach is founded on practical engagement, block-style teaching, and integration with the Mauril-B\u00e9langer Social Innovation Workshop.  &nbsp;  Read more about the School","robots":{"index":"index","follow":"follow","max-snippet":"max-snippet:-1","max-image-preview":"max-image-preview:large","max-video-preview":"max-video-preview:-1"},"canonical":"https:\/\/innovationsocialeusp.ca\/en\/school","og_locale":"en_US","og_type":"article","og_title":"School &#8212; \u00c9cole d&#039;innovation sociale \u00c9lisabeth Bruy\u00e8re","og_description":"The \u00c9lisabeth-Bruy\u00e8re School of Social Innovation is the first school of social innovation in Canada. Its approach to social innovation is clear: its objective must be social transformation. Its pedagogical approach is founded on practical engagement, block-style teaching, and integration with the Mauril-B\u00e9langer Social Innovation Workshop.  &nbsp;  Read more about the School","og_url":"https:\/\/innovationsocialeusp.ca\/en\/school","og_site_name":"\u00c9cole d&#039;innovation sociale \u00c9lisabeth Bruy\u00e8re","article_publisher":"https:\/\/www.facebook.com\/innovationsocialeusp\/","article_modified_time":"2018-11-26T14:48:25+00:00","og_image":[{"width":850,"height":850,"url":"https:\/\/innovationsocialeusp.ca\/wp-content\/uploads\/2018\/11\/EIS_LOGO_SansSlogan_Fonc\u00e9.jpg","type":"image\/jpeg"}],"twitter_card":"summary_large_image","twitter_misc":{"Est. reading time":"1 minute"},"schema":{"@context":"https:\/\/schema.org","@graph":[{"@type":"WebPage","@id":"https:\/\/innovationsocialeusp.ca\/en\/school","url":"https:\/\/innovationsocialeusp.ca\/en\/school","name":"School &#8212; \u00c9cole d&#039;innovation sociale \u00c9lisabeth Bruy\u00e8re","isPartOf":{"@id":"https:\/\/innovationsocialeusp.ca\/#website"},"primaryImageOfPage":{"@id":"https:\/\/innovationsocialeusp.ca\/en\/school#primaryimage"},"image":{"@id":"https:\/\/innovationsocialeusp.ca\/en\/school#primaryimage"},"thumbnailUrl":"https:\/\/innovationsocialeusp.ca\/wp-content\/uploads\/2018\/11\/EIS_LOGO_SansSlogan_Fonc\u00e9.jpg","datePublished":"2017-04-15T15:10:16+00:00","dateModified":"2018-11-26T14:48:25+00:00","description":"The \u00c9lisabeth-Bruy\u00e8re School of Social Innovation is the first school of social innovation in Canada. Its approach to social innovation is clear: its objective must be social transformation. Its pedagogical approach is founded on practical engagement, block-style teaching, and integration with the Mauril-B\u00e9langer Social Innovation Workshop. &nbsp; Read more about the School","breadcrumb":{"@id":"https:\/\/innovationsocialeusp.ca\/en\/school#breadcrumb"},"inLanguage":"en-US","potentialAction":[{"@type":"ReadAction","target":["https:\/\/innovationsocialeusp.ca\/en\/school"]}]},{"@type":"ImageObject","inLanguage":"en-US","@id":"https:\/\/innovationsocialeusp.ca\/en\/school#primaryimage","url":"https:\/\/innovationsocialeusp.ca\/wp-content\/uploads\/2018\/11\/EIS_LOGO_SansSlogan_Fonc\u00e9.jpg","contentUrl":"https:\/\/innovationsocialeusp.ca\/wp-content\/uploads\/2018\/11\/EIS_LOGO_SansSlogan_Fonc\u00e9.jpg","width":850,"height":850,"caption":"Logo de l'\u00c9cole d'innovation sociale sur fond p\u00e2le"},{"@type":"BreadcrumbList","@id":"https:\/\/innovationsocialeusp.ca\/en\/school#breadcrumb","itemListElement":[{"@type":"ListItem","position":1,"name":"Home","item":"https:\/\/innovationsocialeusp.ca\/en"},{"@type":"ListItem","position":2,"name":"School"}]},{"@type":"WebSite","@id":"https:\/\/innovationsocialeusp.ca\/#website","url":"https:\/\/innovationsocialeusp.ca\/","name":"\u00c9cole d&#039;innovation sociale \u00c9lisabeth Bruy\u00e8re","description":"","publisher":{"@id":"https:\/\/innovationsocialeusp.ca\/#organization"},"potentialAction":[{"@type":"SearchAction","target":{"@type":"EntryPoint","urlTemplate":"https:\/\/innovationsocialeusp.ca\/?s={search_term_string}"},"query-input":{"@type":"PropertyValueSpecification","valueRequired":true,"valueName":"search_term_string"}}],"inLanguage":"en-US"},{"@type":"Organization","@id":"https:\/\/innovationsocialeusp.ca\/#organization","name":"\u00c9cole d'innovation sociale \u00c9lisabeth-Bruy\u00e8re","url":"https:\/\/innovationsocialeusp.ca\/","logo":{"@type":"ImageObject","inLanguage":"en-US","@id":"https:\/\/innovationsocialeusp.ca\/#\/schema\/logo\/image\/","url":"https:\/\/innovationsocialeusp.ca\/wp-content\/uploads\/2017\/04\/ecole.jpg","contentUrl":"https:\/\/innovationsocialeusp.ca\/wp-content\/uploads\/2017\/04\/ecole.jpg","width":2560,"height":793,"caption":"\u00c9cole d'innovation sociale \u00c9lisabeth-Bruy\u00e8re"},"image":{"@id":"https:\/\/innovationsocialeusp.ca\/#\/schema\/logo\/image\/"},"sameAs":["https:\/\/www.facebook.com\/innovationsocialeusp\/","https:\/\/www.instagram.com\/innovationsocialeusp"]}]}},"_links":{"self":[{"href":"https:\/\/innovationsocialeusp.ca\/en\/wp-json\/wp\/v2\/pages\/718"}],"collection":[{"href":"https:\/\/innovationsocialeusp.ca\/en\/wp-json\/wp\/v2\/pages"}],"about":[{"href":"https:\/\/innovationsocialeusp.ca\/en\/wp-json\/wp\/v2\/types\/page"}],"author":[{"embeddable":true,"href":"https:\/\/innovationsocialeusp.ca\/en\/wp-json\/wp\/v2\/users\/1"}],"replies":[{"embeddable":true,"href":"https:\/\/innovationsocialeusp.ca\/en\/wp-json\/wp\/v2\/comments?post=718"}],"version-history":[{"count":6,"href":"https:\/\/innovationsocialeusp.ca\/en\/wp-json\/wp\/v2\/pages\/718\/revisions"}],"predecessor-version":[{"id":334510,"href":"https:\/\/innovationsocialeusp.ca\/en\/wp-json\/wp\/v2\/pages\/718\/revisions\/334510"}],"wp:featuredmedia":[{"embeddable":true,"href":"https:\/\/innovationsocialeusp.ca\/en\/wp-json\/wp\/v2\/media\/1418"}],"wp:attachment":[{"href":"https:\/\/innovationsocialeusp.ca\/en\/wp-json\/wp\/v2\/media?parent=718"}],"curies":[{"name":"wp","href":"https:\/\/api.w.org\/{rel}","templated":true}]}}