{"id":333801,"date":"2023-09-17T22:56:24","date_gmt":"2023-09-18T02:56:24","guid":{"rendered":"https:\/\/innovationsocialeusp.ca\/?page_id=333801"},"modified":"2023-09-18T10:10:22","modified_gmt":"2023-09-18T14:10:22","slug":"participatory-budget-2023","status":"publish","type":"page","link":"https:\/\/innovationsocialeusp.ca\/en\/participatory-budget-2023","title":{"rendered":"Participatory Budget 2023"},"content":{"rendered":"<p><img loading=\"lazy\" decoding=\"async\" class=\"aligncenter  wp-image-333819\" src=\"https:\/\/innovationsocialeusp.ca\/wp-content\/uploads\/2023\/09\/2-2-300x169.png\" alt=\"\" width=\"678\" height=\"382\" srcset=\"https:\/\/innovationsocialeusp.ca\/wp-content\/uploads\/2023\/09\/2-2-300x169.png 300w, https:\/\/innovationsocialeusp.ca\/wp-content\/uploads\/2023\/09\/2-2-1024x576.png 1024w, https:\/\/innovationsocialeusp.ca\/wp-content\/uploads\/2023\/09\/2-2-768x432.png 768w, https:\/\/innovationsocialeusp.ca\/wp-content\/uploads\/2023\/09\/2-2-1536x864.png 1536w, https:\/\/innovationsocialeusp.ca\/wp-content\/uploads\/2023\/09\/2-2.png 1920w\" sizes=\"(max-width: 678px) 100vw, 678px\" \/><a href=\"https:\/\/drive.google.com\/file\/d\/1P_i2DAknEMCJHnORAdnUQZ93-GqiiDL8\/view?usp=sharing\"><img loading=\"lazy\" decoding=\"async\" class=\"aligncenter wp-image-333787\" src=\"https:\/\/innovationsocialeusp.ca\/wp-content\/uploads\/2023\/09\/3-EN-300x169.png\" alt=\"\" width=\"690\" height=\"389\" srcset=\"https:\/\/innovationsocialeusp.ca\/wp-content\/uploads\/2023\/09\/3-EN-300x169.png 300w, https:\/\/innovationsocialeusp.ca\/wp-content\/uploads\/2023\/09\/3-EN-1024x576.png 1024w, https:\/\/innovationsocialeusp.ca\/wp-content\/uploads\/2023\/09\/3-EN-768x432.png 768w, https:\/\/innovationsocialeusp.ca\/wp-content\/uploads\/2023\/09\/3-EN-1536x864.png 1536w, https:\/\/innovationsocialeusp.ca\/wp-content\/uploads\/2023\/09\/3-EN.png 1920w\" sizes=\"(max-width: 690px) 100vw, 690px\" \/><\/a> <img loading=\"lazy\" decoding=\"async\" class=\"aligncenter wp-image-333795\" src=\"https:\/\/innovationsocialeusp.ca\/wp-content\/uploads\/2023\/09\/4-eN-300x169.png\" alt=\"\" width=\"691\" height=\"389\" srcset=\"https:\/\/innovationsocialeusp.ca\/wp-content\/uploads\/2023\/09\/4-eN-300x169.png 300w, https:\/\/innovationsocialeusp.ca\/wp-content\/uploads\/2023\/09\/4-eN-1024x576.png 1024w, https:\/\/innovationsocialeusp.ca\/wp-content\/uploads\/2023\/09\/4-eN-768x432.png 768w, https:\/\/innovationsocialeusp.ca\/wp-content\/uploads\/2023\/09\/4-eN-1536x864.png 1536w, https:\/\/innovationsocialeusp.ca\/wp-content\/uploads\/2023\/09\/4-eN.png 1920w\" sizes=\"(max-width: 691px) 100vw, 691px\" \/> <img loading=\"lazy\" decoding=\"async\" class=\"aligncenter  wp-image-333821\" src=\"https:\/\/innovationsocialeusp.ca\/wp-content\/uploads\/2023\/09\/8-300x169.png\" alt=\"\" width=\"701\" height=\"395\" srcset=\"https:\/\/innovationsocialeusp.ca\/wp-content\/uploads\/2023\/09\/8-300x169.png 300w, https:\/\/innovationsocialeusp.ca\/wp-content\/uploads\/2023\/09\/8-1024x576.png 1024w, https:\/\/innovationsocialeusp.ca\/wp-content\/uploads\/2023\/09\/8-768x432.png 768w, https:\/\/innovationsocialeusp.ca\/wp-content\/uploads\/2023\/09\/8-1536x864.png 1536w, https:\/\/innovationsocialeusp.ca\/wp-content\/uploads\/2023\/09\/8.png 1920w\" sizes=\"(max-width: 701px) 100vw, 701px\" \/><a href=\"https:\/\/forms.gle\/Y2bhXM8RsSX5zV359\"><img loading=\"lazy\" decoding=\"async\" class=\"aligncenter wp-image-333791\" src=\"https:\/\/innovationsocialeusp.ca\/wp-content\/uploads\/2023\/09\/6-EN-300x169.png\" alt=\"\" width=\"693\" height=\"390\" srcset=\"https:\/\/innovationsocialeusp.ca\/wp-content\/uploads\/2023\/09\/6-EN-300x169.png 300w, https:\/\/innovationsocialeusp.ca\/wp-content\/uploads\/2023\/09\/6-EN-1024x576.png 1024w, https:\/\/innovationsocialeusp.ca\/wp-content\/uploads\/2023\/09\/6-EN-768x432.png 768w, https:\/\/innovationsocialeusp.ca\/wp-content\/uploads\/2023\/09\/6-EN-1536x864.png 1536w, https:\/\/innovationsocialeusp.ca\/wp-content\/uploads\/2023\/09\/6-EN.png 1920w\" sizes=\"(max-width: 693px) 100vw, 693px\" \/><\/a>* To submit your project, activity or event, click <a href=\"https:\/\/forms.gle\/Y2bhXM8RsSX5zV359\">here<\/a> and to see other members&#8217; proposals, click on this <a href=\"https:\/\/docs.google.com\/spreadsheets\/d\/1w7AbQav7lJ99vLEJg9DCvuvPHj2awD9ju1UPpa1h_j0\/edit?usp=sharing\">link<\/a>.<\/p>\n","protected":false},"excerpt":{"rendered":"<p>* To submit your project, activity or event, click here and to see other members&#8217; proposals, click on this link.<\/p>\n","protected":false},"author":3,"featured_media":0,"parent":0,"menu_order":4,"comment_status":"closed","ping_status":"closed","template":"","meta":{"_monsterinsights_skip_tracking":false,"_monsterinsights_sitenote_active":false,"_monsterinsights_sitenote_note":"","_monsterinsights_sitenote_category":0,"footnotes":""},"acf":[],"yoast_head":"<!-- This site is optimized with the Yoast SEO plugin v23.5 - https:\/\/yoast.com\/wordpress\/plugins\/seo\/ -->\n<title>Participatory Budget 2023 &#8212; \u00c9cole d&#039;innovation sociale \u00c9lisabeth Bruy\u00e8re<\/title>\n<meta name=\"description\" content=\"* To submit your project, activity or event, click here and to see other members&#039; proposals, click on this link.\" \/>\n<meta name=\"robots\" content=\"index, follow, max-snippet:-1, max-image-preview:large, max-video-preview:-1\" \/>\n<link rel=\"canonical\" href=\"https:\/\/innovationsocialeusp.ca\/en\/participatory-budget-2023\" \/>\n<meta property=\"og:locale\" content=\"en_US\" \/>\n<meta property=\"og:type\" content=\"article\" \/>\n<meta property=\"og:title\" content=\"Participatory Budget 2023 &#8212; \u00c9cole d&#039;innovation sociale \u00c9lisabeth Bruy\u00e8re\" \/>\n<meta property=\"og:description\" content=\"* To submit your project, activity or event, click here and to see other members&#039; proposals, click on this link.\" \/>\n<meta property=\"og:url\" content=\"https:\/\/innovationsocialeusp.ca\/en\/participatory-budget-2023\" \/>\n<meta property=\"og:site_name\" content=\"\u00c9cole d&#039;innovation sociale \u00c9lisabeth Bruy\u00e8re\" \/>\n<meta property=\"article:publisher\" content=\"https:\/\/www.facebook.com\/innovationsocialeusp\/\" \/>\n<meta property=\"article:modified_time\" content=\"2023-09-18T14:10:22+00:00\" \/>\n<meta property=\"og:image\" content=\"https:\/\/innovationsocialeusp.ca\/wp-content\/uploads\/2023\/09\/2-2-300x169.png\" \/>\n<meta name=\"twitter:card\" content=\"summary_large_image\" \/>\n<meta name=\"twitter:label1\" content=\"Est. reading time\" \/>\n\t<meta name=\"twitter:data1\" content=\"2 minutes\" \/>\n<script type=\"application\/ld+json\" class=\"yoast-schema-graph\">{\"@context\":\"https:\/\/schema.org\",\"@graph\":[{\"@type\":\"WebPage\",\"@id\":\"https:\/\/innovationsocialeusp.ca\/en\/participatory-budget-2023\",\"url\":\"https:\/\/innovationsocialeusp.ca\/en\/participatory-budget-2023\",\"name\":\"Participatory Budget 2023 &#8212; \u00c9cole d&#039;innovation sociale \u00c9lisabeth Bruy\u00e8re\",\"isPartOf\":{\"@id\":\"https:\/\/innovationsocialeusp.ca\/#website\"},\"primaryImageOfPage\":{\"@id\":\"https:\/\/innovationsocialeusp.ca\/en\/participatory-budget-2023#primaryimage\"},\"image\":{\"@id\":\"https:\/\/innovationsocialeusp.ca\/en\/participatory-budget-2023#primaryimage\"},\"thumbnailUrl\":\"https:\/\/innovationsocialeusp.ca\/wp-content\/uploads\/2023\/09\/2-2-300x169.png\",\"datePublished\":\"2023-09-18T02:56:24+00:00\",\"dateModified\":\"2023-09-18T14:10:22+00:00\",\"description\":\"* To submit your project, activity or event, click here and to see other members' proposals, click on this link.\",\"breadcrumb\":{\"@id\":\"https:\/\/innovationsocialeusp.ca\/en\/participatory-budget-2023#breadcrumb\"},\"inLanguage\":\"en-US\",\"potentialAction\":[{\"@type\":\"ReadAction\",\"target\":[\"https:\/\/innovationsocialeusp.ca\/en\/participatory-budget-2023\"]}]},{\"@type\":\"ImageObject\",\"inLanguage\":\"en-US\",\"@id\":\"https:\/\/innovationsocialeusp.ca\/en\/participatory-budget-2023#primaryimage\",\"url\":\"https:\/\/innovationsocialeusp.ca\/wp-content\/uploads\/2023\/09\/2-2-300x169.png\",\"contentUrl\":\"https:\/\/innovationsocialeusp.ca\/wp-content\/uploads\/2023\/09\/2-2-300x169.png\"},{\"@type\":\"BreadcrumbList\",\"@id\":\"https:\/\/innovationsocialeusp.ca\/en\/participatory-budget-2023#breadcrumb\",\"itemListElement\":[{\"@type\":\"ListItem\",\"position\":1,\"name\":\"Home\",\"item\":\"https:\/\/innovationsocialeusp.ca\/en\"},{\"@type\":\"ListItem\",\"position\":2,\"name\":\"Participatory Budget 2023\"}]},{\"@type\":\"WebSite\",\"@id\":\"https:\/\/innovationsocialeusp.ca\/#website\",\"url\":\"https:\/\/innovationsocialeusp.ca\/\",\"name\":\"\u00c9cole d&#039;innovation sociale \u00c9lisabeth Bruy\u00e8re\",\"description\":\"\",\"publisher\":{\"@id\":\"https:\/\/innovationsocialeusp.ca\/#organization\"},\"potentialAction\":[{\"@type\":\"SearchAction\",\"target\":{\"@type\":\"EntryPoint\",\"urlTemplate\":\"https:\/\/innovationsocialeusp.ca\/?s={search_term_string}\"},\"query-input\":{\"@type\":\"PropertyValueSpecification\",\"valueRequired\":true,\"valueName\":\"search_term_string\"}}],\"inLanguage\":\"en-US\"},{\"@type\":\"Organization\",\"@id\":\"https:\/\/innovationsocialeusp.ca\/#organization\",\"name\":\"\u00c9cole d'innovation sociale \u00c9lisabeth-Bruy\u00e8re\",\"url\":\"https:\/\/innovationsocialeusp.ca\/\",\"logo\":{\"@type\":\"ImageObject\",\"inLanguage\":\"en-US\",\"@id\":\"https:\/\/innovationsocialeusp.ca\/#\/schema\/logo\/image\/\",\"url\":\"https:\/\/innovationsocialeusp.ca\/wp-content\/uploads\/2017\/04\/ecole.jpg\",\"contentUrl\":\"https:\/\/innovationsocialeusp.ca\/wp-content\/uploads\/2017\/04\/ecole.jpg\",\"width\":2560,\"height\":793,\"caption\":\"\u00c9cole d'innovation sociale \u00c9lisabeth-Bruy\u00e8re\"},\"image\":{\"@id\":\"https:\/\/innovationsocialeusp.ca\/#\/schema\/logo\/image\/\"},\"sameAs\":[\"https:\/\/www.facebook.com\/innovationsocialeusp\/\",\"https:\/\/www.instagram.com\/innovationsocialeusp\"]}]}<\/script>\n<!-- \/ Yoast SEO plugin. -->","yoast_head_json":{"title":"Participatory Budget 2023 &#8212; \u00c9cole d&#039;innovation sociale \u00c9lisabeth Bruy\u00e8re","description":"* To submit your project, activity or event, click here and to see other members' proposals, click on this link.","robots":{"index":"index","follow":"follow","max-snippet":"max-snippet:-1","max-image-preview":"max-image-preview:large","max-video-preview":"max-video-preview:-1"},"canonical":"https:\/\/innovationsocialeusp.ca\/en\/participatory-budget-2023","og_locale":"en_US","og_type":"article","og_title":"Participatory Budget 2023 &#8212; \u00c9cole d&#039;innovation sociale \u00c9lisabeth Bruy\u00e8re","og_description":"* To submit your project, activity or event, click here and to see other members' proposals, click on this link.","og_url":"https:\/\/innovationsocialeusp.ca\/en\/participatory-budget-2023","og_site_name":"\u00c9cole d&#039;innovation sociale \u00c9lisabeth Bruy\u00e8re","article_publisher":"https:\/\/www.facebook.com\/innovationsocialeusp\/","article_modified_time":"2023-09-18T14:10:22+00:00","og_image":[{"url":"https:\/\/innovationsocialeusp.ca\/wp-content\/uploads\/2023\/09\/2-2-300x169.png"}],"twitter_card":"summary_large_image","twitter_misc":{"Est. reading time":"2 minutes"},"schema":{"@context":"https:\/\/schema.org","@graph":[{"@type":"WebPage","@id":"https:\/\/innovationsocialeusp.ca\/en\/participatory-budget-2023","url":"https:\/\/innovationsocialeusp.ca\/en\/participatory-budget-2023","name":"Participatory Budget 2023 &#8212; \u00c9cole d&#039;innovation sociale \u00c9lisabeth Bruy\u00e8re","isPartOf":{"@id":"https:\/\/innovationsocialeusp.ca\/#website"},"primaryImageOfPage":{"@id":"https:\/\/innovationsocialeusp.ca\/en\/participatory-budget-2023#primaryimage"},"image":{"@id":"https:\/\/innovationsocialeusp.ca\/en\/participatory-budget-2023#primaryimage"},"thumbnailUrl":"https:\/\/innovationsocialeusp.ca\/wp-content\/uploads\/2023\/09\/2-2-300x169.png","datePublished":"2023-09-18T02:56:24+00:00","dateModified":"2023-09-18T14:10:22+00:00","description":"* To submit your project, activity or event, click here and to see other members' proposals, click on this link.","breadcrumb":{"@id":"https:\/\/innovationsocialeusp.ca\/en\/participatory-budget-2023#breadcrumb"},"inLanguage":"en-US","potentialAction":[{"@type":"ReadAction","target":["https:\/\/innovationsocialeusp.ca\/en\/participatory-budget-2023"]}]},{"@type":"ImageObject","inLanguage":"en-US","@id":"https:\/\/innovationsocialeusp.ca\/en\/participatory-budget-2023#primaryimage","url":"https:\/\/innovationsocialeusp.ca\/wp-content\/uploads\/2023\/09\/2-2-300x169.png","contentUrl":"https:\/\/innovationsocialeusp.ca\/wp-content\/uploads\/2023\/09\/2-2-300x169.png"},{"@type":"BreadcrumbList","@id":"https:\/\/innovationsocialeusp.ca\/en\/participatory-budget-2023#breadcrumb","itemListElement":[{"@type":"ListItem","position":1,"name":"Home","item":"https:\/\/innovationsocialeusp.ca\/en"},{"@type":"ListItem","position":2,"name":"Participatory Budget 2023"}]},{"@type":"WebSite","@id":"https:\/\/innovationsocialeusp.ca\/#website","url":"https:\/\/innovationsocialeusp.ca\/","name":"\u00c9cole d&#039;innovation sociale \u00c9lisabeth Bruy\u00e8re","description":"","publisher":{"@id":"https:\/\/innovationsocialeusp.ca\/#organization"},"potentialAction":[{"@type":"SearchAction","target":{"@type":"EntryPoint","urlTemplate":"https:\/\/innovationsocialeusp.ca\/?s={search_term_string}"},"query-input":{"@type":"PropertyValueSpecification","valueRequired":true,"valueName":"search_term_string"}}],"inLanguage":"en-US"},{"@type":"Organization","@id":"https:\/\/innovationsocialeusp.ca\/#organization","name":"\u00c9cole d'innovation sociale \u00c9lisabeth-Bruy\u00e8re","url":"https:\/\/innovationsocialeusp.ca\/","logo":{"@type":"ImageObject","inLanguage":"en-US","@id":"https:\/\/innovationsocialeusp.ca\/#\/schema\/logo\/image\/","url":"https:\/\/innovationsocialeusp.ca\/wp-content\/uploads\/2017\/04\/ecole.jpg","contentUrl":"https:\/\/innovationsocialeusp.ca\/wp-content\/uploads\/2017\/04\/ecole.jpg","width":2560,"height":793,"caption":"\u00c9cole d'innovation sociale \u00c9lisabeth-Bruy\u00e8re"},"image":{"@id":"https:\/\/innovationsocialeusp.ca\/#\/schema\/logo\/image\/"},"sameAs":["https:\/\/www.facebook.com\/innovationsocialeusp\/","https:\/\/www.instagram.com\/innovationsocialeusp"]}]}},"_links":{"self":[{"href":"https:\/\/innovationsocialeusp.ca\/en\/wp-json\/wp\/v2\/pages\/333801"}],"collection":[{"href":"https:\/\/innovationsocialeusp.ca\/en\/wp-json\/wp\/v2\/pages"}],"about":[{"href":"https:\/\/innovationsocialeusp.ca\/en\/wp-json\/wp\/v2\/types\/page"}],"author":[{"embeddable":true,"href":"https:\/\/innovationsocialeusp.ca\/en\/wp-json\/wp\/v2\/users\/3"}],"replies":[{"embeddable":true,"href":"https:\/\/innovationsocialeusp.ca\/en\/wp-json\/wp\/v2\/comments?post=333801"}],"version-history":[{"count":5,"href":"https:\/\/innovationsocialeusp.ca\/en\/wp-json\/wp\/v2\/pages\/333801\/revisions"}],"predecessor-version":[{"id":333823,"href":"https:\/\/innovationsocialeusp.ca\/en\/wp-json\/wp\/v2\/pages\/333801\/revisions\/333823"}],"wp:attachment":[{"href":"https:\/\/innovationsocialeusp.ca\/en\/wp-json\/wp\/v2\/media?parent=333801"}],"curies":[{"name":"wp","href":"https:\/\/api.w.org\/{rel}","templated":true}]}}