{"id":3223,"date":"2018-11-20T14:28:44","date_gmt":"2018-11-20T19:28:44","guid":{"rendered":"https:\/\/innovationsocialeusp.ca\/balados"},"modified":"2021-01-19T20:53:02","modified_gmt":"2021-01-20T01:53:02","slug":"podcasts","status":"publish","type":"page","link":"https:\/\/innovationsocialeusp.ca\/en\/podcasts","title":{"rendered":"Podcasts"},"content":{"rendered":"<p style=\"text-align: center;\"><em>There&#8217;s no one single path to change the world, but what about roadmaps, built from those at the grassroots and on the frontlines of social transformation?<\/em><br \/>\n<em>Practical examples and advice for those who want to transform the world. We ask simple questions and track down folks with concrete answers.<\/em><\/p>\n<p style=\"text-align: center;\"><em>Produced by \u00c9lisabeth-Bruy\u00e8re School of Social Innovation, in collaboration with <a href=\"https:\/\/www.magnetobalado.com\">Magn\u00e9to<\/a>.<\/em><br \/>\n<em>Sound recording and editing: Jonathan Durand Folco.<span id=\"desc_1_more\"><br \/>\nHosted by Christopher John Gunter.<\/span><\/em><\/p>\n<p style=\"text-align: center;\"><em>To register to our school&#8217;s programs, please <a href=\"https:\/\/ustpaul.ca\/social-innovation.php\">visit this website<\/a>.<\/em><\/p>\n<p style=\"text-align: center;\">&nbsp;<\/p>\n","protected":false},"excerpt":{"rendered":"<p>There&#8217;s no one single path to change the world, but what about roadmaps, built from those at the grassroots and on the frontlines of social transformation? Practical examples and advice for those who want to transform the world. We ask simple questions and track down folks with concrete answers. Produced by \u00c9lisabeth-Bruy\u00e8re School of Social&#8230;<\/p>\n","protected":false},"author":1,"featured_media":3221,"parent":0,"menu_order":47,"comment_status":"closed","ping_status":"closed","template":"template-podcasts.php","meta":{"_monsterinsights_skip_tracking":false,"_monsterinsights_sitenote_active":false,"_monsterinsights_sitenote_note":"","_monsterinsights_sitenote_category":0,"footnotes":""},"acf":[],"yoast_head":"<!-- This site is optimized with the Yoast SEO plugin v23.5 - https:\/\/yoast.com\/wordpress\/plugins\/seo\/ -->\n<title>Podcasts &#8212; \u00c9cole d&#039;innovation sociale \u00c9lisabeth Bruy\u00e8re<\/title>\n<meta name=\"description\" content=\"There&#039;s no one single path to change the world, but what about roadmaps, built from those at the grassroots and on the frontlines of social\" \/>\n<meta name=\"robots\" content=\"index, follow, max-snippet:-1, max-image-preview:large, max-video-preview:-1\" \/>\n<link rel=\"canonical\" href=\"https:\/\/innovationsocialeusp.ca\/en\/podcasts\" \/>\n<meta property=\"og:locale\" content=\"en_US\" \/>\n<meta property=\"og:type\" content=\"article\" \/>\n<meta property=\"og:title\" content=\"Podcasts &#8212; \u00c9cole d&#039;innovation sociale \u00c9lisabeth Bruy\u00e8re\" \/>\n<meta property=\"og:description\" content=\"There&#039;s no one single path to change the world, but what about roadmaps, built from those at the grassroots and on the frontlines of social\" \/>\n<meta property=\"og:url\" content=\"https:\/\/innovationsocialeusp.ca\/en\/podcasts\" \/>\n<meta property=\"og:site_name\" content=\"\u00c9cole d&#039;innovation sociale \u00c9lisabeth Bruy\u00e8re\" \/>\n<meta property=\"article:publisher\" content=\"https:\/\/www.facebook.com\/innovationsocialeusp\/\" \/>\n<meta property=\"article:modified_time\" content=\"2021-01-20T01:53:02+00:00\" \/>\n<meta property=\"og:image\" content=\"https:\/\/innovationsocialeusp.ca\/wp-content\/uploads\/2020\/01\/balados-feature.png\" \/>\n\t<meta property=\"og:image:width\" content=\"1200\" \/>\n\t<meta property=\"og:image:height\" content=\"630\" \/>\n\t<meta property=\"og:image:type\" content=\"image\/png\" \/>\n<meta name=\"twitter:card\" content=\"summary_large_image\" \/>\n<script type=\"application\/ld+json\" class=\"yoast-schema-graph\">{\"@context\":\"https:\/\/schema.org\",\"@graph\":[{\"@type\":\"WebPage\",\"@id\":\"https:\/\/innovationsocialeusp.ca\/en\/podcasts\",\"url\":\"https:\/\/innovationsocialeusp.ca\/en\/podcasts\",\"name\":\"Podcasts &#8212; \u00c9cole d&#039;innovation sociale \u00c9lisabeth Bruy\u00e8re\",\"isPartOf\":{\"@id\":\"https:\/\/innovationsocialeusp.ca\/#website\"},\"primaryImageOfPage\":{\"@id\":\"https:\/\/innovationsocialeusp.ca\/en\/podcasts#primaryimage\"},\"image\":{\"@id\":\"https:\/\/innovationsocialeusp.ca\/en\/podcasts#primaryimage\"},\"thumbnailUrl\":\"https:\/\/innovationsocialeusp.ca\/wp-content\/uploads\/2020\/01\/balados-feature.png\",\"datePublished\":\"2018-11-20T19:28:44+00:00\",\"dateModified\":\"2021-01-20T01:53:02+00:00\",\"description\":\"There's no one single path to change the world, but what about roadmaps, built from those at the grassroots and on the frontlines of social\",\"breadcrumb\":{\"@id\":\"https:\/\/innovationsocialeusp.ca\/en\/podcasts#breadcrumb\"},\"inLanguage\":\"en-US\",\"potentialAction\":[{\"@type\":\"ReadAction\",\"target\":[\"https:\/\/innovationsocialeusp.ca\/en\/podcasts\"]}]},{\"@type\":\"ImageObject\",\"inLanguage\":\"en-US\",\"@id\":\"https:\/\/innovationsocialeusp.ca\/en\/podcasts#primaryimage\",\"url\":\"https:\/\/innovationsocialeusp.ca\/wp-content\/uploads\/2020\/01\/balados-feature.png\",\"contentUrl\":\"https:\/\/innovationsocialeusp.ca\/wp-content\/uploads\/2020\/01\/balados-feature.png\",\"width\":1200,\"height\":630},{\"@type\":\"BreadcrumbList\",\"@id\":\"https:\/\/innovationsocialeusp.ca\/en\/podcasts#breadcrumb\",\"itemListElement\":[{\"@type\":\"ListItem\",\"position\":1,\"name\":\"Home\",\"item\":\"https:\/\/innovationsocialeusp.ca\/en\"},{\"@type\":\"ListItem\",\"position\":2,\"name\":\"Podcasts\"}]},{\"@type\":\"WebSite\",\"@id\":\"https:\/\/innovationsocialeusp.ca\/#website\",\"url\":\"https:\/\/innovationsocialeusp.ca\/\",\"name\":\"\u00c9cole d&#039;innovation sociale \u00c9lisabeth Bruy\u00e8re\",\"description\":\"\",\"publisher\":{\"@id\":\"https:\/\/innovationsocialeusp.ca\/#organization\"},\"potentialAction\":[{\"@type\":\"SearchAction\",\"target\":{\"@type\":\"EntryPoint\",\"urlTemplate\":\"https:\/\/innovationsocialeusp.ca\/?s={search_term_string}\"},\"query-input\":{\"@type\":\"PropertyValueSpecification\",\"valueRequired\":true,\"valueName\":\"search_term_string\"}}],\"inLanguage\":\"en-US\"},{\"@type\":\"Organization\",\"@id\":\"https:\/\/innovationsocialeusp.ca\/#organization\",\"name\":\"\u00c9cole d'innovation sociale \u00c9lisabeth-Bruy\u00e8re\",\"url\":\"https:\/\/innovationsocialeusp.ca\/\",\"logo\":{\"@type\":\"ImageObject\",\"inLanguage\":\"en-US\",\"@id\":\"https:\/\/innovationsocialeusp.ca\/#\/schema\/logo\/image\/\",\"url\":\"https:\/\/innovationsocialeusp.ca\/wp-content\/uploads\/2017\/04\/ecole.jpg\",\"contentUrl\":\"https:\/\/innovationsocialeusp.ca\/wp-content\/uploads\/2017\/04\/ecole.jpg\",\"width\":2560,\"height\":793,\"caption\":\"\u00c9cole d'innovation sociale \u00c9lisabeth-Bruy\u00e8re\"},\"image\":{\"@id\":\"https:\/\/innovationsocialeusp.ca\/#\/schema\/logo\/image\/\"},\"sameAs\":[\"https:\/\/www.facebook.com\/innovationsocialeusp\/\",\"https:\/\/www.instagram.com\/innovationsocialeusp\"]}]}<\/script>\n<!-- \/ Yoast SEO plugin. -->","yoast_head_json":{"title":"Podcasts &#8212; \u00c9cole d&#039;innovation sociale \u00c9lisabeth Bruy\u00e8re","description":"There's no one single path to change the world, but what about roadmaps, built from those at the grassroots and on the frontlines of social","robots":{"index":"index","follow":"follow","max-snippet":"max-snippet:-1","max-image-preview":"max-image-preview:large","max-video-preview":"max-video-preview:-1"},"canonical":"https:\/\/innovationsocialeusp.ca\/en\/podcasts","og_locale":"en_US","og_type":"article","og_title":"Podcasts &#8212; \u00c9cole d&#039;innovation sociale \u00c9lisabeth Bruy\u00e8re","og_description":"There's no one single path to change the world, but what about roadmaps, built from those at the grassroots and on the frontlines of social","og_url":"https:\/\/innovationsocialeusp.ca\/en\/podcasts","og_site_name":"\u00c9cole d&#039;innovation sociale \u00c9lisabeth Bruy\u00e8re","article_publisher":"https:\/\/www.facebook.com\/innovationsocialeusp\/","article_modified_time":"2021-01-20T01:53:02+00:00","og_image":[{"width":1200,"height":630,"url":"https:\/\/innovationsocialeusp.ca\/wp-content\/uploads\/2020\/01\/balados-feature.png","type":"image\/png"}],"twitter_card":"summary_large_image","schema":{"@context":"https:\/\/schema.org","@graph":[{"@type":"WebPage","@id":"https:\/\/innovationsocialeusp.ca\/en\/podcasts","url":"https:\/\/innovationsocialeusp.ca\/en\/podcasts","name":"Podcasts &#8212; \u00c9cole d&#039;innovation sociale \u00c9lisabeth Bruy\u00e8re","isPartOf":{"@id":"https:\/\/innovationsocialeusp.ca\/#website"},"primaryImageOfPage":{"@id":"https:\/\/innovationsocialeusp.ca\/en\/podcasts#primaryimage"},"image":{"@id":"https:\/\/innovationsocialeusp.ca\/en\/podcasts#primaryimage"},"thumbnailUrl":"https:\/\/innovationsocialeusp.ca\/wp-content\/uploads\/2020\/01\/balados-feature.png","datePublished":"2018-11-20T19:28:44+00:00","dateModified":"2021-01-20T01:53:02+00:00","description":"There's no one single path to change the world, but what about roadmaps, built from those at the grassroots and on the frontlines of social","breadcrumb":{"@id":"https:\/\/innovationsocialeusp.ca\/en\/podcasts#breadcrumb"},"inLanguage":"en-US","potentialAction":[{"@type":"ReadAction","target":["https:\/\/innovationsocialeusp.ca\/en\/podcasts"]}]},{"@type":"ImageObject","inLanguage":"en-US","@id":"https:\/\/innovationsocialeusp.ca\/en\/podcasts#primaryimage","url":"https:\/\/innovationsocialeusp.ca\/wp-content\/uploads\/2020\/01\/balados-feature.png","contentUrl":"https:\/\/innovationsocialeusp.ca\/wp-content\/uploads\/2020\/01\/balados-feature.png","width":1200,"height":630},{"@type":"BreadcrumbList","@id":"https:\/\/innovationsocialeusp.ca\/en\/podcasts#breadcrumb","itemListElement":[{"@type":"ListItem","position":1,"name":"Home","item":"https:\/\/innovationsocialeusp.ca\/en"},{"@type":"ListItem","position":2,"name":"Podcasts"}]},{"@type":"WebSite","@id":"https:\/\/innovationsocialeusp.ca\/#website","url":"https:\/\/innovationsocialeusp.ca\/","name":"\u00c9cole d&#039;innovation sociale \u00c9lisabeth Bruy\u00e8re","description":"","publisher":{"@id":"https:\/\/innovationsocialeusp.ca\/#organization"},"potentialAction":[{"@type":"SearchAction","target":{"@type":"EntryPoint","urlTemplate":"https:\/\/innovationsocialeusp.ca\/?s={search_term_string}"},"query-input":{"@type":"PropertyValueSpecification","valueRequired":true,"valueName":"search_term_string"}}],"inLanguage":"en-US"},{"@type":"Organization","@id":"https:\/\/innovationsocialeusp.ca\/#organization","name":"\u00c9cole d'innovation sociale \u00c9lisabeth-Bruy\u00e8re","url":"https:\/\/innovationsocialeusp.ca\/","logo":{"@type":"ImageObject","inLanguage":"en-US","@id":"https:\/\/innovationsocialeusp.ca\/#\/schema\/logo\/image\/","url":"https:\/\/innovationsocialeusp.ca\/wp-content\/uploads\/2017\/04\/ecole.jpg","contentUrl":"https:\/\/innovationsocialeusp.ca\/wp-content\/uploads\/2017\/04\/ecole.jpg","width":2560,"height":793,"caption":"\u00c9cole d'innovation sociale \u00c9lisabeth-Bruy\u00e8re"},"image":{"@id":"https:\/\/innovationsocialeusp.ca\/#\/schema\/logo\/image\/"},"sameAs":["https:\/\/www.facebook.com\/innovationsocialeusp\/","https:\/\/www.instagram.com\/innovationsocialeusp"]}]}},"_links":{"self":[{"href":"https:\/\/innovationsocialeusp.ca\/en\/wp-json\/wp\/v2\/pages\/3223"}],"collection":[{"href":"https:\/\/innovationsocialeusp.ca\/en\/wp-json\/wp\/v2\/pages"}],"about":[{"href":"https:\/\/innovationsocialeusp.ca\/en\/wp-json\/wp\/v2\/types\/page"}],"author":[{"embeddable":true,"href":"https:\/\/innovationsocialeusp.ca\/en\/wp-json\/wp\/v2\/users\/1"}],"replies":[{"embeddable":true,"href":"https:\/\/innovationsocialeusp.ca\/en\/wp-json\/wp\/v2\/comments?post=3223"}],"version-history":[{"count":8,"href":"https:\/\/innovationsocialeusp.ca\/en\/wp-json\/wp\/v2\/pages\/3223\/revisions"}],"predecessor-version":[{"id":125656,"href":"https:\/\/innovationsocialeusp.ca\/en\/wp-json\/wp\/v2\/pages\/3223\/revisions\/125656"}],"wp:featuredmedia":[{"embeddable":true,"href":"https:\/\/innovationsocialeusp.ca\/en\/wp-json\/wp\/v2\/media\/3221"}],"wp:attachment":[{"href":"https:\/\/innovationsocialeusp.ca\/en\/wp-json\/wp\/v2\/media?parent=3223"}],"curies":[{"name":"wp","href":"https:\/\/api.w.org\/{rel}","templated":true}]}}