{"id":2214,"date":"2019-05-29T09:55:08","date_gmt":"2019-05-29T13:55:08","guid":{"rendered":"https:\/\/innovationsocialeusp.ca\/?page_id=2214"},"modified":"2024-09-30T12:31:27","modified_gmt":"2024-09-30T16:31:27","slug":"crits","status":"publish","type":"page","link":"https:\/\/innovationsocialeusp.ca\/en\/crits","title":{"rendered":"CRITS"},"content":{"rendered":"<p>The Research Center on Social Innovation and Transformation brings an interdisciplinary lens of inquiry to the complex linkages between innovation and social transformation, as seen across multiple perspectives. In exploring these questions, we prioritize emancipatory &nbsp;theories, grounded in an analysis of systems of oppression.&nbsp;In doing so, we seek to contribute to a deeper and more interconnected understanding of the logics and strategies employed by social movements and grassroots communities, as well as the role of institutions. &nbsp;In particular, we are interested in their impacts on diverse systems of oppression including sexism, colonialism, racism, capitalism and extractivism.&nbsp;<\/p>\n<p>Working in close collaboration with the <span lang=\"EN-US\">\u00c9lisabeth-Bruy\u00e8re School of Social Innovation and the Mauril<i>&#8211;<\/i>B\u00e9langer<i> <\/i>Atelier of Social Innovation, the CRITS creates space open to the community in order to co-construct and bring into being diverse collective action projects.&nbsp; <\/span>This environment <span lang=\"EN-US\">enables graduate students to become invested in a dynamic research space where they can build capacities in the production and dissemination of engaged research.&nbsp;<\/span><\/p>\n<p>&nbsp;<\/p>\n","protected":false},"excerpt":{"rendered":"<h2><strong><span style=\"color: #000000;\">Propulser le changement social<\/span><\/strong><\/h2>\n<p><span class=\"text-lightblue font-gotham-bold\"><strong>Le Centre de recherche sur les innovations et les transformation sociale&nbsp;<\/strong><\/span> vise le d\u00e9ploiement d&#8217;une recherche engag\u00e9e selon quatre axes: \u00e9mancipation, action sociale, gestion d\u00e9mocratique, pratique de la recherche et&nbsp;p\u00e9dagogie \u00e9mancipatrice. Sous chacun de ces axes, son projet est de d\u00e9velopper une analyse critique des syst\u00e8mes en place ainsi que de participer \u00e0 la conception d&#8217;alternatives.<\/p>\n<p>&nbsp;<\/p>\n<p><a class=\"usp-btn black short\" href=\"https:\/\/innovationsocialeusp.ca\/crits\">Visiter la page du CRITS<\/a><\/p>\n","protected":false},"author":10,"featured_media":2095,"parent":0,"menu_order":32,"comment_status":"closed","ping_status":"closed","template":"template-parent.php","meta":{"_monsterinsights_skip_tracking":false,"_monsterinsights_sitenote_active":false,"_monsterinsights_sitenote_note":"","_monsterinsights_sitenote_category":0,"footnotes":""},"acf":[],"yoast_head":"<!-- This site is optimized with the Yoast SEO plugin v23.5 - https:\/\/yoast.com\/wordpress\/plugins\/seo\/ -->\n<title>CRITS &#8212; \u00c9cole d&#039;innovation sociale \u00c9lisabeth Bruy\u00e8re<\/title>\n<meta name=\"description\" content=\"Propulser le changement social Le Centre de recherche sur les innovations et les transformation sociale&nbsp; vise le d\u00e9ploiement d&#039;une recherche engag\u00e9e selon quatre axes: \u00e9mancipation, action sociale, gestion d\u00e9mocratique, pratique de la recherche et&nbsp;p\u00e9dagogie \u00e9mancipatrice. Sous chacun de ces axes, son projet est de d\u00e9velopper une analyse critique des syst\u00e8mes en place ainsi que de participer \u00e0 la conception d&#039;alternatives.  &nbsp;  Visiter la page du CRITS\" \/>\n<meta name=\"robots\" content=\"index, follow, max-snippet:-1, max-image-preview:large, max-video-preview:-1\" \/>\n<link rel=\"canonical\" href=\"https:\/\/innovationsocialeusp.ca\/en\/crits\" \/>\n<meta property=\"og:locale\" content=\"en_US\" \/>\n<meta property=\"og:type\" content=\"article\" \/>\n<meta property=\"og:title\" content=\"CRITS &#8212; \u00c9cole d&#039;innovation sociale \u00c9lisabeth Bruy\u00e8re\" \/>\n<meta property=\"og:description\" content=\"Propulser le changement social Le Centre de recherche sur les innovations et les transformation sociale&nbsp; vise le d\u00e9ploiement d&#039;une recherche engag\u00e9e selon quatre axes: \u00e9mancipation, action sociale, gestion d\u00e9mocratique, pratique de la recherche et&nbsp;p\u00e9dagogie \u00e9mancipatrice. Sous chacun de ces axes, son projet est de d\u00e9velopper une analyse critique des syst\u00e8mes en place ainsi que de participer \u00e0 la conception d&#039;alternatives.  &nbsp;  Visiter la page du CRITS\" \/>\n<meta property=\"og:url\" content=\"https:\/\/innovationsocialeusp.ca\/en\/crits\" \/>\n<meta property=\"og:site_name\" content=\"\u00c9cole d&#039;innovation sociale \u00c9lisabeth Bruy\u00e8re\" \/>\n<meta property=\"article:publisher\" content=\"https:\/\/www.facebook.com\/innovationsocialeusp\/\" \/>\n<meta property=\"article:modified_time\" content=\"2024-09-30T16:31:27+00:00\" \/>\n<meta property=\"og:image\" content=\"https:\/\/innovationsocialeusp.ca\/wp-content\/uploads\/2019\/05\/startup-photos-1024x683.jpg\" \/>\n\t<meta property=\"og:image:width\" content=\"1024\" \/>\n\t<meta property=\"og:image:height\" content=\"683\" \/>\n\t<meta property=\"og:image:type\" content=\"image\/jpeg\" \/>\n<meta name=\"twitter:card\" content=\"summary_large_image\" \/>\n<meta name=\"twitter:label1\" content=\"Est. reading time\" \/>\n\t<meta name=\"twitter:data1\" content=\"2 minutes\" \/>\n<script type=\"application\/ld+json\" class=\"yoast-schema-graph\">{\"@context\":\"https:\/\/schema.org\",\"@graph\":[{\"@type\":\"WebPage\",\"@id\":\"https:\/\/innovationsocialeusp.ca\/en\/crits\",\"url\":\"https:\/\/innovationsocialeusp.ca\/en\/crits\",\"name\":\"CRITS &#8212; \u00c9cole d&#039;innovation sociale \u00c9lisabeth Bruy\u00e8re\",\"isPartOf\":{\"@id\":\"https:\/\/innovationsocialeusp.ca\/#website\"},\"primaryImageOfPage\":{\"@id\":\"https:\/\/innovationsocialeusp.ca\/en\/crits#primaryimage\"},\"image\":{\"@id\":\"https:\/\/innovationsocialeusp.ca\/en\/crits#primaryimage\"},\"thumbnailUrl\":\"https:\/\/innovationsocialeusp.ca\/wp-content\/uploads\/2019\/05\/startup-photos.jpg\",\"datePublished\":\"2019-05-29T13:55:08+00:00\",\"dateModified\":\"2024-09-30T16:31:27+00:00\",\"description\":\"Propulser le changement social Le Centre de recherche sur les innovations et les transformation sociale&nbsp; vise le d\u00e9ploiement d'une recherche engag\u00e9e selon quatre axes: \u00e9mancipation, action sociale, gestion d\u00e9mocratique, pratique de la recherche et&nbsp;p\u00e9dagogie \u00e9mancipatrice. Sous chacun de ces axes, son projet est de d\u00e9velopper une analyse critique des syst\u00e8mes en place ainsi que de participer \u00e0 la conception d'alternatives. &nbsp; Visiter la page du CRITS\",\"breadcrumb\":{\"@id\":\"https:\/\/innovationsocialeusp.ca\/en\/crits#breadcrumb\"},\"inLanguage\":\"en-US\",\"potentialAction\":[{\"@type\":\"ReadAction\",\"target\":[\"https:\/\/innovationsocialeusp.ca\/en\/crits\"]}]},{\"@type\":\"ImageObject\",\"inLanguage\":\"en-US\",\"@id\":\"https:\/\/innovationsocialeusp.ca\/en\/crits#primaryimage\",\"url\":\"https:\/\/innovationsocialeusp.ca\/wp-content\/uploads\/2019\/05\/startup-photos.jpg\",\"contentUrl\":\"https:\/\/innovationsocialeusp.ca\/wp-content\/uploads\/2019\/05\/startup-photos.jpg\",\"width\":3000,\"height\":2000,\"caption\":\"Accueil CRITS - image home au tableau\"},{\"@type\":\"BreadcrumbList\",\"@id\":\"https:\/\/innovationsocialeusp.ca\/en\/crits#breadcrumb\",\"itemListElement\":[{\"@type\":\"ListItem\",\"position\":1,\"name\":\"Home\",\"item\":\"https:\/\/innovationsocialeusp.ca\/en\"},{\"@type\":\"ListItem\",\"position\":2,\"name\":\"CRITS\"}]},{\"@type\":\"WebSite\",\"@id\":\"https:\/\/innovationsocialeusp.ca\/#website\",\"url\":\"https:\/\/innovationsocialeusp.ca\/\",\"name\":\"\u00c9cole d&#039;innovation sociale \u00c9lisabeth Bruy\u00e8re\",\"description\":\"\",\"publisher\":{\"@id\":\"https:\/\/innovationsocialeusp.ca\/#organization\"},\"potentialAction\":[{\"@type\":\"SearchAction\",\"target\":{\"@type\":\"EntryPoint\",\"urlTemplate\":\"https:\/\/innovationsocialeusp.ca\/?s={search_term_string}\"},\"query-input\":{\"@type\":\"PropertyValueSpecification\",\"valueRequired\":true,\"valueName\":\"search_term_string\"}}],\"inLanguage\":\"en-US\"},{\"@type\":\"Organization\",\"@id\":\"https:\/\/innovationsocialeusp.ca\/#organization\",\"name\":\"\u00c9cole d'innovation sociale \u00c9lisabeth-Bruy\u00e8re\",\"url\":\"https:\/\/innovationsocialeusp.ca\/\",\"logo\":{\"@type\":\"ImageObject\",\"inLanguage\":\"en-US\",\"@id\":\"https:\/\/innovationsocialeusp.ca\/#\/schema\/logo\/image\/\",\"url\":\"https:\/\/innovationsocialeusp.ca\/wp-content\/uploads\/2017\/04\/ecole.jpg\",\"contentUrl\":\"https:\/\/innovationsocialeusp.ca\/wp-content\/uploads\/2017\/04\/ecole.jpg\",\"width\":2560,\"height\":793,\"caption\":\"\u00c9cole d'innovation sociale \u00c9lisabeth-Bruy\u00e8re\"},\"image\":{\"@id\":\"https:\/\/innovationsocialeusp.ca\/#\/schema\/logo\/image\/\"},\"sameAs\":[\"https:\/\/www.facebook.com\/innovationsocialeusp\/\",\"https:\/\/www.instagram.com\/innovationsocialeusp\"]}]}<\/script>\n<!-- \/ Yoast SEO plugin. -->","yoast_head_json":{"title":"CRITS &#8212; \u00c9cole d&#039;innovation sociale \u00c9lisabeth Bruy\u00e8re","description":"Propulser le changement social Le Centre de recherche sur les innovations et les transformation sociale&nbsp; vise le d\u00e9ploiement d'une recherche engag\u00e9e selon quatre axes: \u00e9mancipation, action sociale, gestion d\u00e9mocratique, pratique de la recherche et&nbsp;p\u00e9dagogie \u00e9mancipatrice. Sous chacun de ces axes, son projet est de d\u00e9velopper une analyse critique des syst\u00e8mes en place ainsi que de participer \u00e0 la conception d'alternatives.  &nbsp;  Visiter la page du CRITS","robots":{"index":"index","follow":"follow","max-snippet":"max-snippet:-1","max-image-preview":"max-image-preview:large","max-video-preview":"max-video-preview:-1"},"canonical":"https:\/\/innovationsocialeusp.ca\/en\/crits","og_locale":"en_US","og_type":"article","og_title":"CRITS &#8212; \u00c9cole d&#039;innovation sociale \u00c9lisabeth Bruy\u00e8re","og_description":"Propulser le changement social Le Centre de recherche sur les innovations et les transformation sociale&nbsp; vise le d\u00e9ploiement d'une recherche engag\u00e9e selon quatre axes: \u00e9mancipation, action sociale, gestion d\u00e9mocratique, pratique de la recherche et&nbsp;p\u00e9dagogie \u00e9mancipatrice. Sous chacun de ces axes, son projet est de d\u00e9velopper une analyse critique des syst\u00e8mes en place ainsi que de participer \u00e0 la conception d'alternatives.  &nbsp;  Visiter la page du CRITS","og_url":"https:\/\/innovationsocialeusp.ca\/en\/crits","og_site_name":"\u00c9cole d&#039;innovation sociale \u00c9lisabeth Bruy\u00e8re","article_publisher":"https:\/\/www.facebook.com\/innovationsocialeusp\/","article_modified_time":"2024-09-30T16:31:27+00:00","og_image":[{"width":1024,"height":683,"url":"https:\/\/innovationsocialeusp.ca\/wp-content\/uploads\/2019\/05\/startup-photos-1024x683.jpg","type":"image\/jpeg"}],"twitter_card":"summary_large_image","twitter_misc":{"Est. reading time":"2 minutes"},"schema":{"@context":"https:\/\/schema.org","@graph":[{"@type":"WebPage","@id":"https:\/\/innovationsocialeusp.ca\/en\/crits","url":"https:\/\/innovationsocialeusp.ca\/en\/crits","name":"CRITS &#8212; \u00c9cole d&#039;innovation sociale \u00c9lisabeth Bruy\u00e8re","isPartOf":{"@id":"https:\/\/innovationsocialeusp.ca\/#website"},"primaryImageOfPage":{"@id":"https:\/\/innovationsocialeusp.ca\/en\/crits#primaryimage"},"image":{"@id":"https:\/\/innovationsocialeusp.ca\/en\/crits#primaryimage"},"thumbnailUrl":"https:\/\/innovationsocialeusp.ca\/wp-content\/uploads\/2019\/05\/startup-photos.jpg","datePublished":"2019-05-29T13:55:08+00:00","dateModified":"2024-09-30T16:31:27+00:00","description":"Propulser le changement social Le Centre de recherche sur les innovations et les transformation sociale&nbsp; vise le d\u00e9ploiement d'une recherche engag\u00e9e selon quatre axes: \u00e9mancipation, action sociale, gestion d\u00e9mocratique, pratique de la recherche et&nbsp;p\u00e9dagogie \u00e9mancipatrice. Sous chacun de ces axes, son projet est de d\u00e9velopper une analyse critique des syst\u00e8mes en place ainsi que de participer \u00e0 la conception d'alternatives. &nbsp; Visiter la page du CRITS","breadcrumb":{"@id":"https:\/\/innovationsocialeusp.ca\/en\/crits#breadcrumb"},"inLanguage":"en-US","potentialAction":[{"@type":"ReadAction","target":["https:\/\/innovationsocialeusp.ca\/en\/crits"]}]},{"@type":"ImageObject","inLanguage":"en-US","@id":"https:\/\/innovationsocialeusp.ca\/en\/crits#primaryimage","url":"https:\/\/innovationsocialeusp.ca\/wp-content\/uploads\/2019\/05\/startup-photos.jpg","contentUrl":"https:\/\/innovationsocialeusp.ca\/wp-content\/uploads\/2019\/05\/startup-photos.jpg","width":3000,"height":2000,"caption":"Accueil CRITS - image home au tableau"},{"@type":"BreadcrumbList","@id":"https:\/\/innovationsocialeusp.ca\/en\/crits#breadcrumb","itemListElement":[{"@type":"ListItem","position":1,"name":"Home","item":"https:\/\/innovationsocialeusp.ca\/en"},{"@type":"ListItem","position":2,"name":"CRITS"}]},{"@type":"WebSite","@id":"https:\/\/innovationsocialeusp.ca\/#website","url":"https:\/\/innovationsocialeusp.ca\/","name":"\u00c9cole d&#039;innovation sociale \u00c9lisabeth Bruy\u00e8re","description":"","publisher":{"@id":"https:\/\/innovationsocialeusp.ca\/#organization"},"potentialAction":[{"@type":"SearchAction","target":{"@type":"EntryPoint","urlTemplate":"https:\/\/innovationsocialeusp.ca\/?s={search_term_string}"},"query-input":{"@type":"PropertyValueSpecification","valueRequired":true,"valueName":"search_term_string"}}],"inLanguage":"en-US"},{"@type":"Organization","@id":"https:\/\/innovationsocialeusp.ca\/#organization","name":"\u00c9cole d'innovation sociale \u00c9lisabeth-Bruy\u00e8re","url":"https:\/\/innovationsocialeusp.ca\/","logo":{"@type":"ImageObject","inLanguage":"en-US","@id":"https:\/\/innovationsocialeusp.ca\/#\/schema\/logo\/image\/","url":"https:\/\/innovationsocialeusp.ca\/wp-content\/uploads\/2017\/04\/ecole.jpg","contentUrl":"https:\/\/innovationsocialeusp.ca\/wp-content\/uploads\/2017\/04\/ecole.jpg","width":2560,"height":793,"caption":"\u00c9cole d'innovation sociale \u00c9lisabeth-Bruy\u00e8re"},"image":{"@id":"https:\/\/innovationsocialeusp.ca\/#\/schema\/logo\/image\/"},"sameAs":["https:\/\/www.facebook.com\/innovationsocialeusp\/","https:\/\/www.instagram.com\/innovationsocialeusp"]}]}},"_links":{"self":[{"href":"https:\/\/innovationsocialeusp.ca\/en\/wp-json\/wp\/v2\/pages\/2214"}],"collection":[{"href":"https:\/\/innovationsocialeusp.ca\/en\/wp-json\/wp\/v2\/pages"}],"about":[{"href":"https:\/\/innovationsocialeusp.ca\/en\/wp-json\/wp\/v2\/types\/page"}],"author":[{"embeddable":true,"href":"https:\/\/innovationsocialeusp.ca\/en\/wp-json\/wp\/v2\/users\/10"}],"replies":[{"embeddable":true,"href":"https:\/\/innovationsocialeusp.ca\/en\/wp-json\/wp\/v2\/comments?post=2214"}],"version-history":[{"count":6,"href":"https:\/\/innovationsocialeusp.ca\/en\/wp-json\/wp\/v2\/pages\/2214\/revisions"}],"predecessor-version":[{"id":334511,"href":"https:\/\/innovationsocialeusp.ca\/en\/wp-json\/wp\/v2\/pages\/2214\/revisions\/334511"}],"wp:featuredmedia":[{"embeddable":true,"href":"https:\/\/innovationsocialeusp.ca\/en\/wp-json\/wp\/v2\/media\/2095"}],"wp:attachment":[{"href":"https:\/\/innovationsocialeusp.ca\/en\/wp-json\/wp\/v2\/media?parent=2214"}],"curies":[{"name":"wp","href":"https:\/\/api.w.org\/{rel}","templated":true}]}}